{"id":520,"date":"2024-09-10T10:52:33","date_gmt":"2024-09-10T10:52:33","guid":{"rendered":"http:\/\/zrk-cz.gramlich-it.de\/kdo-jsme\/"},"modified":"2025-10-23T07:17:23","modified_gmt":"2025-10-23T07:17:23","slug":"kdo-jsme","status":"publish","type":"page","link":"https:\/\/zrk-cz.com\/cs\/kdo-jsme\/","title":{"rendered":"Kdo jsme"},"content":{"rendered":"<div>\n<p>        <img decoding=\"async\" src=\"\/wp-content\/uploads\/2024\/09\/ZRK_Fotky-web-Brno_foto_Vojtech-Kaba_NOXmedia_cz-7-scaled.jpg\" alt=\"\"><\/p>\n<h3>Pavla Zavadilov\u00e1<\/h3>\n<\/div>\n<div>\n<p>Zakladatelka <span class=\"error-spellcheck\" data-word=\"kancel\u00e1\u0159e\" data-suggestion=\"kancelistka\">kancel\u00e1\u0159e<\/span> s v\u00edce <span class=\"error-spellcheck\" data-word=\"ne\u017e\" data-suggestion=\"ne\u00be\">ne\u017e<\/span> 25 lety <span class=\"error-spellcheck\" data-word=\"zku\u0161enost\u00ed\" data-suggestion=\"zku\u00b9enostn\u00ed\">zku\u0161enost\u00ed<\/span> v oboru \u010desko-n\u011bmeck\u00e9ho <span class=\"error-spellcheck\" data-word=\"da\u0148ov\u00e9ho\" data-suggestion=\"\">da\u0148ov\u00e9ho<\/span> <span class=\"error-spellcheck\" data-word=\"\u00fa\u010detnictv\u00ed\" data-suggestion=\"Klevetnictv\u00ed\">\u00fa\u010detnictv\u00ed<\/span>. Je aktivn\u00ed <span class=\"error-spellcheck\" data-word=\"\u010dlenkou\" data-suggestion=\"Holenkou\">\u010dlenkou<\/span> sekce <span class=\"error-spellcheck\" data-word=\"\u00fa\u010detnictv\u00ed\" data-suggestion=\"Klevetnictv\u00ed\">\u00fa\u010detnictv\u00ed<\/span> a sekce <span class=\"error-spellcheck\" data-word=\"IT\" data-suggestion=\"I|IN|TI|BIT|CIT|FIT|HIT\">IT<\/span> Komory <span class=\"error-spellcheck\" data-word=\"da\u0148ov\u00fdch\" data-suggestion=\"\">da\u0148ov\u00fdch<\/span> <span class=\"error-spellcheck\" data-word=\"poradc\u016f\" data-suggestion=\"poradce\">poradc\u016f<\/span> <span class=\"error-spellcheck\" data-word=\"\u010cR\" data-suggestion=\"\">\u010cR<\/span> a <span class=\"error-spellcheck\" data-word=\"anga\u017euje\" data-suggestion=\"anga\u00beuje|anga\u00beuj\u00edc\u00ed\">anga\u017euje<\/span> se v digitalizaci v oboru zejm\u00e9na v kooperaci s <span class=\"error-spellcheck\" data-word=\"DATEVem\" data-suggestion=\"Datem|Dativem\">DATEVem<\/span>. Od roku 2000 pilotuje nov\u00e9 programy <span class=\"error-spellcheck\" data-word=\"DATEV\" data-suggestion=\"DATEL|DATEM|DATIV|DAT-EV|DRATEV|DAVTE|DAT EV\">DATEV<\/span>, v obdob\u00ed od roku 2000 do roku 2010 <span class=\"error-spellcheck\" data-word=\"\u010deskou\" data-suggestion=\"Komteskou\">\u010deskou<\/span> verzi ( <span class=\"error-spellcheck\" data-word=\"DATEV\" data-suggestion=\"DATEL|DATEM|DATIV|DAT-EV|DRATEV|DAVTE|DAT EV\">DATEV<\/span> Accounting), od roku 2010 \u00fapravy <span class=\"error-spellcheck\" data-word=\"n\u011bmeck\u00e9\" data-suggestion=\"v\u00b9en\u00ecmeck\u00fd\">n\u011bmeck\u00e9<\/span> verze <span class=\"error-spellcheck\" data-word=\"DATEV\" data-suggestion=\"DATEL|DATEM|DATIV|DAT-EV|DRATEV|DAVTE|DAT EV\">DATEV<\/span> <span class=\"error-spellcheck\" data-word=\"Rechungswesen\" data-suggestion=\"\">Rechungswesen<\/span> a <span class=\"error-spellcheck\" data-word=\"DATEV\" data-suggestion=\"DATEL|DATEM|DATIV|DAT-EV|DRATEV|DAVTE|DAT EV\">DATEV<\/span> <span class=\"error-spellcheck\" data-word=\"LODAS\" data-suggestion=\"JODAS\">LODAS<\/span> pro <span class=\"error-spellcheck\" data-word=\"pou\u017eit\u00ed\" data-suggestion=\"posou\u00beit\">pou\u017eit\u00ed<\/span> v <span class=\"error-spellcheck\" data-word=\"prost\u0159ed\u00ed\" data-suggestion=\"prost\u00f8edek\">prost\u0159ed\u00ed<\/span> <span class=\"error-spellcheck\" data-word=\"\u010desk\u00e9\" data-suggestion=\"\">\u010desk\u00e9<\/span> legislativy. Od roku 2024 <span class=\"error-spellcheck\" data-word=\"aktivn\u011b\" data-suggestion=\"aktivn\u00ed\">aktivn\u011b<\/span> podporuje klienty <span class=\"error-spellcheck\" data-word=\"p\u0159i\" data-suggestion=\"\">p\u0159i<\/span> <span class=\"error-spellcheck\" data-word=\"p\u0159echodu\" data-suggestion=\"p\u00f8echodu\">p\u0159echodu<\/span> <span class=\"error-spellcheck\" data-word=\"m\u011bny\" data-suggestion=\"\">m\u011bny<\/span> <span class=\"error-spellcheck\" data-word=\"\u00fa\u010detnictv\u00ed\" data-suggestion=\"Klevetnictv\u00ed\">\u00fa\u010detnictv\u00ed<\/span> <span class=\"error-spellcheck\" data-word=\"K\u010d\" data-suggestion=\"\">K\u010d<\/span> na <span class=\"error-spellcheck\" data-word=\"funk\u010dn\u00ed\" data-suggestion=\"funk\u00e8n\u00ed\">funk\u010dn\u00ed<\/span> <span class=\"error-spellcheck\" data-word=\"m\u011bnu\" data-suggestion=\"\">m\u011bnu<\/span> EUR. Tyto oblasti \u00fazce komunikuje tak\u00e9 s Ministerstvem financ\u00ed <span class=\"error-spellcheck\" data-word=\"\u010cR\" data-suggestion=\"\">\u010cR<\/span>, Digit\u00e1ln\u00ed a <span class=\"error-spellcheck\" data-word=\"informa\u010dn\u00ed\" data-suggestion=\"informatorium\">informa\u010dn\u00ed<\/span> agenturou i <span class=\"error-spellcheck\" data-word=\"n\u011bmeckou\" data-suggestion=\"n\u00ecmeckou\">n\u011bmeckou<\/span> softwarovou firmou <span class=\"error-spellcheck\" data-word=\"Governikus\" data-suggestion=\"Kerningov\u00fd\">Governikus<\/span> <span class=\"error-spellcheck\" data-word=\"pov\u011b\u0159enou\" data-suggestion=\"pove\u00e8e\u00f8enou\">pov\u011b\u0159enou<\/span> <span class=\"error-spellcheck\" data-word=\"N\u011bmeckem\" data-suggestion=\"N\u00ecmeckem\">N\u011bmeckem<\/span> k digitalizaci <span class=\"error-spellcheck\" data-word=\"n\u011bmeck\u00e9\" data-suggestion=\"v\u00b9en\u00ecmeck\u00fd\">n\u011bmeck\u00e9<\/span> st\u00e1tn\u00ed spr\u00e1vy, a <span class=\"error-spellcheck\" data-word=\"\u00fa\u010dinn\u011b\" data-suggestion=\"\">\u00fa\u010dinn\u011b<\/span> tak podporuje podnikatele v <span class=\"error-spellcheck\" data-word=\"p\u0159eshrani\u010dn\u00edch\" data-suggestion=\"\">p\u0159eshrani\u010dn\u00edch<\/span> aktivit\u00e1ch.<\/p>\n<\/div>\n<ul>\n<li>\n<p>\n        <a href=\"https:\/\/www.kdpcr.cz\/danovy-poradce\/pavla-zavadilova\">certifikovan\u00fd da\u0148ov\u00fd poradce a \u010dlen Komory da\u0148ov\u00fdch poradc\u016f \u010cR, \u010d. 3104<\/a>\n    <\/p>\n<\/li>\n<li>\n<p>\n        <a href=\"https:\/\/www.linkedin.com\/in\/pavla-zavadilova\/\">LinkedIn-Profil<\/a>\n    <\/p>\n<\/li>\n<\/ul>\n<div>\n<p><span>Petr Ry\u0161av\u00fd zah\u00e1jil svou profesn\u00ed dr\u00e1hu ji\u017e b\u011bhem studia na Vysok\u00e9 \u0161kole ekonomick\u00e9 v Praze. D\u00edky zahrani\u010dn\u00edmu studiu na Univerzit\u011b v Lipsku a n\u00e1sledn\u00e9 pr\u00e1ci v n\u011bmeck\u00fdch pobo\u010dk\u00e1ch firmy z\u00edskal hlubokou znalost n\u011bmeck\u00e9ho da\u0148ov\u00e9ho a \u00fa\u010detn\u00edho prost\u0159ed\u00ed. Po n\u00e1vratu do \u010cesk\u00e9 republiky \u00fasp\u011b\u0161n\u011b slo\u017eil zkou\u0161ky da\u0148ov\u00e9ho poradce a specializuje se na \u010desko-n\u011bmeck\u00e9 obchodn\u00ed vztahy.<\/span><\/p>\n<p><span>Hlavn\u00ed \u010d\u00e1st jeho \u010dinnosti p\u0159edstavuje podpora \u010desk\u00fdch spole\u010dnost\u00ed expanduj\u00edc\u00edch do N\u011bmecka. Poskytuje jim kompletn\u00ed zaji\u0161t\u011bn\u00ed da\u0148ov\u00fdch povinnost\u00ed, veden\u00ed \u00fa\u010detnictv\u00ed podle n\u011bmeck\u00fdch a \u010desk\u00fdch standard\u016f a odborn\u00e9 poradenstv\u00ed, kter\u00e9 zohled\u0148uje specifika i rozd\u00edly obou da\u0148ov\u00fdch syst\u00e9m\u016f.<\/span><\/p>\n<p><span>Dlouhodob\u00e1 a \u00fasp\u011b\u0161n\u00e1 \u0159e\u0161en\u00ed pro klienty stav\u00ed na efektivn\u00edch softwarov\u00fdch \u0159e\u0161en\u00edch, digitalizaci proces\u016f a controllingu. Pom\u00e1h\u00e1 firm\u00e1m zrychlit a zp\u0159esnit zpracov\u00e1n\u00ed dat, zav\u00e1d\u011bt automatizovan\u00e1 workflow a vytv\u00e1\u0159et reporting, kter\u00fd poskytuje jasn\u00e9 podklady pro strategick\u00e1 rozhodnut\u00ed.<\/span><\/p>\n<\/div>\n<ul>\n<li>\n<p>\n        <a href=\"https:\/\/www.kdpcr.cz\/danovy-poradce\/bc-petr-rysavy-msc\">certifikovan\u00fd da\u0148ov\u00fd poradce a \u010dlen Komory da\u0148ov\u00fdch poradc\u016f \u010cR, \u010d. 5683<\/a>\n    <\/p>\n<\/li>\n<li>\n<p>\n        <a href=\"https:\/\/de.linkedin.com\/in\/petr-rysavy\">LinkedIn-Profil<\/a>\n    <\/p>\n<\/li>\n<\/ul>\n<div>\n<p>        <img decoding=\"async\" src=\"\/wp-content\/uploads\/2024\/09\/ZRK_Fotky-web-Brno_foto_Vojtech-Kaba_NOXmedia_cz-4-scaled.jpg\" alt=\"\"><\/p>\n<h3>M.Sc.Petr Ry\u0161av\u00fd<\/h3>\n<\/div>\n<p><!--more--><br \/>\n<!-- {\"type\":\"layout\",\"children\":[{\"type\":\"section\",\"props\":{\"image_position\":\"center-center\",\"style\":\"default\",\"title_breakpoint\":\"xl\",\"title_position\":\"top-left\",\"title_rotation\":\"left\",\"vertical_align\":\"middle\",\"width\":\"default\"},\"children\":[{\"type\":\"row\",\"props\":{\"layout\":\"1-3,2-3\"},\"children\":[{\"type\":\"column\",\"props\":{\"image_position\":\"center-center\",\"position_sticky_breakpoint\":\"m\",\"width_medium\":\"1-3\"},\"children\":[{\"type\":\"panel\",\"props\":{\"content_column_breakpoint\":\"m\",\"icon_width\":80,\"image\":\"wp-content\\\/uploads\\\/2024\\\/09\\\/ZRK_Fotky-web-Brno_foto_Vojtech-Kaba_NOXmedia_cz-7-scaled.jpg\",\"image_align\":\"top\",\"image_grid_breakpoint\":\"m\",\"image_grid_width\":\"1-2\",\"image_svg_color\":\"emphasis\",\"link_style\":\"default\",\"link_text\":\"Read more\",\"margin\":\"default\",\"meta_align\":\"below-title\",\"meta_element\":\"div\",\"meta_style\":\"text-meta\",\"panel_padding\":\"small\",\"panel_style\":\"card-primary\",\"title\":\"Pavla Zavadilov\\u00e1\",\"title_align\":\"top\",\"title_element\":\"h3\",\"title_grid_breakpoint\":\"m\",\"title_grid_width\":\"1-2\",\"title_hover_style\":\"reset\",\"title_style\":\"h2\"}}]},{\"type\":\"column\",\"props\":{\"image_position\":\"center-center\",\"position_sticky_breakpoint\":\"m\",\"width_medium\":\"2-3\"},\"children\":[{\"type\":\"text\",\"props\":{\"column_breakpoint\":\"m\",\"content\":\"\n\n<p>Zakladatelka <span class=\\\"error-spellcheck\\\" data-word=\\\"kancel\\u00e1\\u0159e\\\" data-suggestion=\\\"kancelistka\\\">kancel\\u00e1\\u0159e<\\\/span> s v\\u00edce <span class=\\\"error-spellcheck\\\" data-word=\\\"ne\\u017e\\\" data-suggestion=\\\"ne\\u00be\\\">ne\\u017e<\\\/span> 25 lety <span class=\\\"error-spellcheck\\\" data-word=\\\"zku\\u0161enost\\u00ed\\\" data-suggestion=\\\"zku\\u00b9enostn\\u00ed\\\">zku\\u0161enost\\u00ed<\\\/span> v oboru \\u010desko-n\\u011bmeck\\u00e9ho <span class=\\\"error-spellcheck\\\" data-word=\\\"da\\u0148ov\\u00e9ho\\\" data-suggestion=\\\"\\\">da\\u0148ov\\u00e9ho<\\\/span> <span class=\\\"error-spellcheck\\\" data-word=\\\"\\u00fa\\u010detnictv\\u00ed\\\" data-suggestion=\\\"Klevetnictv\\u00ed\\\">\\u00fa\\u010detnictv\\u00ed<\\\/span>. Je aktivn\\u00ed <span class=\\\"error-spellcheck\\\" data-word=\\\"\\u010dlenkou\\\" data-suggestion=\\\"Holenkou\\\">\\u010dlenkou<\\\/span> sekce <span class=\\\"error-spellcheck\\\" data-word=\\\"\\u00fa\\u010detnictv\\u00ed\\\" data-suggestion=\\\"Klevetnictv\\u00ed\\\">\\u00fa\\u010detnictv\\u00ed<\\\/span> a sekce <span class=\\\"error-spellcheck\\\" data-word=\\\"IT\\\" data-suggestion=\\\"I|IN|TI|BIT|CIT|FIT|HIT\\\">IT<\\\/span> Komory <span class=\\\"error-spellcheck\\\" data-word=\\\"da\\u0148ov\\u00fdch\\\" data-suggestion=\\\"\\\">da\\u0148ov\\u00fdch<\\\/span> <span class=\\\"error-spellcheck\\\" data-word=\\\"poradc\\u016f\\\" data-suggestion=\\\"poradce\\\">poradc\\u016f<\\\/span> <span class=\\\"error-spellcheck\\\" data-word=\\\"\\u010cR\\\" data-suggestion=\\\"\\\">\\u010cR<\\\/span> a <span class=\\\"error-spellcheck\\\" data-word=\\\"anga\\u017euje\\\" data-suggestion=\\\"anga\\u00beuje|anga\\u00beuj\\u00edc\\u00ed\\\">anga\\u017euje<\\\/span> se v digitalizaci v oboru zejm\\u00e9na v kooperaci s <span class=\\\"error-spellcheck\\\" data-word=\\\"DATEVem\\\" data-suggestion=\\\"Datem|Dativem\\\">DATEVem<\\\/span>. Od roku 2000 pilotuje nov\\u00e9 programy <span class=\\\"error-spellcheck\\\" data-word=\\\"DATEV\\\" data-suggestion=\\\"DATEL|DATEM|DATIV|DAT-EV|DRATEV|DAVTE|DAT EV\\\">DATEV<\\\/span>, v obdob\\u00ed od roku 2000 do roku 2010 <span class=\\\"error-spellcheck\\\" data-word=\\\"\\u010deskou\\\" data-suggestion=\\\"Komteskou\\\">\\u010deskou<\\\/span> verzi ( <span class=\\\"error-spellcheck\\\" data-word=\\\"DATEV\\\" data-suggestion=\\\"DATEL|DATEM|DATIV|DAT-EV|DRATEV|DAVTE|DAT EV\\\">DATEV<\\\/span> Accounting), od roku 2010 \\u00fapravy <span class=\\\"error-spellcheck\\\" data-word=\\\"n\\u011bmeck\\u00e9\\\" data-suggestion=\\\"v\\u00b9en\\u00ecmeck\\u00fd\\\">n\\u011bmeck\\u00e9<\\\/span> verze <span class=\\\"error-spellcheck\\\" data-word=\\\"DATEV\\\" data-suggestion=\\\"DATEL|DATEM|DATIV|DAT-EV|DRATEV|DAVTE|DAT EV\\\">DATEV<\\\/span> <span class=\\\"error-spellcheck\\\" data-word=\\\"Rechungswesen\\\" data-suggestion=\\\"\\\">Rechungswesen<\\\/span> a <span class=\\\"error-spellcheck\\\" data-word=\\\"DATEV\\\" data-suggestion=\\\"DATEL|DATEM|DATIV|DAT-EV|DRATEV|DAVTE|DAT EV\\\">DATEV<\\\/span> <span class=\\\"error-spellcheck\\\" data-word=\\\"LODAS\\\" data-suggestion=\\\"JODAS\\\">LODAS<\\\/span> pro <span class=\\\"error-spellcheck\\\" data-word=\\\"pou\\u017eit\\u00ed\\\" data-suggestion=\\\"posou\\u00beit\\\">pou\\u017eit\\u00ed<\\\/span> v <span class=\\\"error-spellcheck\\\" data-word=\\\"prost\\u0159ed\\u00ed\\\" data-suggestion=\\\"prost\\u00f8edek\\\">prost\\u0159ed\\u00ed<\\\/span> <span class=\\\"error-spellcheck\\\" data-word=\\\"\\u010desk\\u00e9\\\" data-suggestion=\\\"\\\">\\u010desk\\u00e9<\\\/span> legislativy. Od roku 2024 <span class=\\\"error-spellcheck\\\" data-word=\\\"aktivn\\u011b\\\" data-suggestion=\\\"aktivn\\u00ed\\\">aktivn\\u011b<\\\/span> podporuje klienty <span class=\\\"error-spellcheck\\\" data-word=\\\"p\\u0159i\\\" data-suggestion=\\\"\\\">p\\u0159i<\\\/span> <span class=\\\"error-spellcheck\\\" data-word=\\\"p\\u0159echodu\\\" data-suggestion=\\\"p\\u00f8echodu\\\">p\\u0159echodu<\\\/span> <span class=\\\"error-spellcheck\\\" data-word=\\\"m\\u011bny\\\" data-suggestion=\\\"\\\">m\\u011bny<\\\/span> <span class=\\\"error-spellcheck\\\" data-word=\\\"\\u00fa\\u010detnictv\\u00ed\\\" data-suggestion=\\\"Klevetnictv\\u00ed\\\">\\u00fa\\u010detnictv\\u00ed<\\\/span> <span class=\\\"error-spellcheck\\\" data-word=\\\"K\\u010d\\\" data-suggestion=\\\"\\\">K\\u010d<\\\/span> na <span class=\\\"error-spellcheck\\\" data-word=\\\"funk\\u010dn\\u00ed\\\" data-suggestion=\\\"funk\\u00e8n\\u00ed\\\">funk\\u010dn\\u00ed<\\\/span> <span class=\\\"error-spellcheck\\\" data-word=\\\"m\\u011bnu\\\" data-suggestion=\\\"\\\">m\\u011bnu<\\\/span> EUR. Tyto oblasti \\u00fazce komunikuje tak\\u00e9 s Ministerstvem financ\\u00ed <span class=\\\"error-spellcheck\\\" data-word=\\\"\\u010cR\\\" data-suggestion=\\\"\\\">\\u010cR<\\\/span>, Digit\\u00e1ln\\u00ed a <span class=\\\"error-spellcheck\\\" data-word=\\\"informa\\u010dn\\u00ed\\\" data-suggestion=\\\"informatorium\\\">informa\\u010dn\\u00ed<\\\/span> agenturou i <span class=\\\"error-spellcheck\\\" data-word=\\\"n\\u011bmeckou\\\" data-suggestion=\\\"n\\u00ecmeckou\\\">n\\u011bmeckou<\\\/span> softwarovou firmou <span class=\\\"error-spellcheck\\\" data-word=\\\"Governikus\\\" data-suggestion=\\\"Kerningov\\u00fd\\\">Governikus<\\\/span> <span class=\\\"error-spellcheck\\\" data-word=\\\"pov\\u011b\\u0159enou\\\" data-suggestion=\\\"pove\\u00e8e\\u00f8enou\\\">pov\\u011b\\u0159enou<\\\/span> <span class=\\\"error-spellcheck\\\" data-word=\\\"N\\u011bmeckem\\\" data-suggestion=\\\"N\\u00ecmeckem\\\">N\\u011bmeckem<\\\/span> k digitalizaci <span class=\\\"error-spellcheck\\\" data-word=\\\"n\\u011bmeck\\u00e9\\\" data-suggestion=\\\"v\\u00b9en\\u00ecmeck\\u00fd\\\">n\\u011bmeck\\u00e9<\\\/span> st\\u00e1tn\\u00ed spr\\u00e1vy, a <span class=\\\"error-spellcheck\\\" data-word=\\\"\\u00fa\\u010dinn\\u011b\\\" data-suggestion=\\\"\\\">\\u00fa\\u010dinn\\u011b<\\\/span> tak podporuje podnikatele v <span class=\\\"error-spellcheck\\\" data-word=\\\"p\\u0159eshrani\\u010dn\\u00edch\\\" data-suggestion=\\\"\\\">p\\u0159eshrani\\u010dn\\u00edch<\\\/span> aktivit\\u00e1ch.<\\\/p>\",\"margin\":\"default\"}},{\"type\":\"button\",\"props\":{\"button_size\":\"small\",\"grid_column_gap\":\"small\",\"grid_row_gap\":\"medium\",\"margin\":\"default\"},\"children\":[{\"type\":\"button_item\",\"props\":{\"button_style\":\"primary\",\"content\":\"certifikovan\\u00fd da\\u0148ov\\u00fd poradce a \\u010dlen Komory da\\u0148ov\\u00fdch poradc\\u016f \\u010cR, \\u010d. 3104\",\"dialog_layout\":\"modal\",\"dialog_offcanvas_flip\":true,\"icon\":\"world\",\"icon_align\":\"left\",\"link\":\"https:\\\/\\\/www.kdpcr.cz\\\/danovy-poradce\\\/pavla-zavadilova\"}},{\"type\":\"button_item\",\"props\":{\"button_style\":\"primary\",\"content\":\"LinkedIn-Profil\",\"dialog_layout\":\"modal\",\"dialog_offcanvas_flip\":true,\"icon\":\"linkedin\",\"icon_align\":\"left\",\"link\":\"https:\\\/\\\/www.linkedin.com\\\/in\\\/pavla-zavadilova\\\/\"}}]}]}]}]},{\"type\":\"section\",\"props\":{\"image_position\":\"center-center\",\"style\":\"default\",\"title_breakpoint\":\"xl\",\"title_position\":\"top-left\",\"title_rotation\":\"left\",\"vertical_align\":\"middle\",\"width\":\"default\"},\"children\":[{\"type\":\"row\",\"props\":{\"layout\":\"2-3,1-3\"},\"children\":[{\"type\":\"column\",\"props\":{\"image_position\":\"center-center\",\"position_sticky_breakpoint\":\"m\",\"width_medium\":\"2-3\"},\"children\":[{\"type\":\"text\",\"props\":{\"column_breakpoint\":\"m\",\"content\":\"\n\n<p><span>Petr Ry\\u0161av\\u00fd zah\\u00e1jil svou profesn\\u00ed dr\\u00e1hu ji\\u017e b\\u011bhem studia na Vysok\\u00e9 \\u0161kole ekonomick\\u00e9 v Praze. D\\u00edky zahrani\\u010dn\\u00edmu studiu na Univerzit\\u011b v Lipsku a n\\u00e1sledn\\u00e9 pr\\u00e1ci v n\\u011bmeck\\u00fdch pobo\\u010dk\\u00e1ch firmy z\\u00edskal hlubokou znalost n\\u011bmeck\\u00e9ho da\\u0148ov\\u00e9ho a \\u00fa\\u010detn\\u00edho prost\\u0159ed\\u00ed. Po n\\u00e1vratu do \\u010cesk\\u00e9 republiky \\u00fasp\\u011b\\u0161n\\u011b slo\\u017eil zkou\\u0161ky da\\u0148ov\\u00e9ho poradce a specializuje se na \\u010desko-n\\u011bmeck\\u00e9 obchodn\\u00ed vztahy.<\\\/span><br \\\/><br \\\/><span>Hlavn\\u00ed \\u010d\\u00e1st jeho \\u010dinnosti p\\u0159edstavuje podpora \\u010desk\\u00fdch spole\\u010dnost\\u00ed expanduj\\u00edc\\u00edch do N\\u011bmecka. Poskytuje jim kompletn\\u00ed zaji\\u0161t\\u011bn\\u00ed da\\u0148ov\\u00fdch povinnost\\u00ed, veden\\u00ed \\u00fa\\u010detnictv\\u00ed podle n\\u011bmeck\\u00fdch a \\u010desk\\u00fdch standard\\u016f a odborn\\u00e9 poradenstv\\u00ed, kter\\u00e9 zohled\\u0148uje specifika i rozd\\u00edly obou da\\u0148ov\\u00fdch syst\\u00e9m\\u016f.<\\\/span><br \\\/><br \\\/><span>Dlouhodob\\u00e1 a \\u00fasp\\u011b\\u0161n\\u00e1 \\u0159e\\u0161en\\u00ed pro klienty stav\\u00ed na efektivn\\u00edch softwarov\\u00fdch \\u0159e\\u0161en\\u00edch, digitalizaci proces\\u016f a controllingu. Pom\\u00e1h\\u00e1 firm\\u00e1m zrychlit a zp\\u0159esnit zpracov\\u00e1n\\u00ed dat, zav\\u00e1d\\u011bt automatizovan\\u00e1 workflow a vytv\\u00e1\\u0159et reporting, kter\\u00fd poskytuje jasn\\u00e9 podklady pro strategick\\u00e1 rozhodnut\\u00ed.<\\\/span><\\\/p>\",\"margin\":\"default\"}},{\"type\":\"button\",\"props\":{\"button_size\":\"small\",\"grid_column_gap\":\"small\",\"grid_row_gap\":\"medium\",\"margin\":\"default\"},\"children\":[{\"type\":\"button_item\",\"props\":{\"button_style\":\"primary\",\"content\":\"certifikovan\\u00fd da\\u0148ov\\u00fd poradce a \\u010dlen Komory da\\u0148ov\\u00fdch poradc\\u016f \\u010cR, \\u010d. 5683\",\"dialog_layout\":\"modal\",\"dialog_offcanvas_flip\":true,\"icon\":\"world\",\"icon_align\":\"left\",\"link\":\"https:\\\/\\\/www.kdpcr.cz\\\/danovy-poradce\\\/bc-petr-rysavy-msc\"}},{\"type\":\"button_item\",\"props\":{\"button_style\":\"primary\",\"content\":\"LinkedIn-Profil\",\"dialog_layout\":\"modal\",\"dialog_offcanvas_flip\":true,\"icon\":\"linkedin\",\"icon_align\":\"left\",\"link\":\"https:\\\/\\\/de.linkedin.com\\\/in\\\/petr-rysavy\"}}]}]},{\"type\":\"column\",\"props\":{\"image_position\":\"center-center\",\"position_sticky_breakpoint\":\"m\",\"width_medium\":\"1-3\"},\"children\":[{\"type\":\"panel\",\"props\":{\"content_column_breakpoint\":\"m\",\"icon_width\":80,\"image\":\"wp-content\\\/uploads\\\/2024\\\/09\\\/ZRK_Fotky-web-Brno_foto_Vojtech-Kaba_NOXmedia_cz-4-scaled.jpg\",\"image_align\":\"top\",\"image_grid_breakpoint\":\"m\",\"image_grid_width\":\"1-2\",\"image_svg_color\":\"emphasis\",\"link_style\":\"default\",\"link_text\":\"Read more\",\"margin\":\"default\",\"meta_align\":\"below-title\",\"meta_element\":\"div\",\"meta_style\":\"text-meta\",\"panel_padding\":\"small\",\"panel_style\":\"card-primary\",\"title\":\"M.Sc.Petr Ry\\u0161av\\u00fd\",\"title_align\":\"top\",\"title_element\":\"h3\",\"title_grid_breakpoint\":\"m\",\"title_grid_width\":\"1-2\",\"title_hover_style\":\"reset\",\"title_style\":\"h2\"}}]}]}]},{\"type\":\"section\",\"props\":{\"image_position\":\"center-center\",\"style\":\"default\",\"title_breakpoint\":\"xl\",\"title_position\":\"top-left\",\"title_rotation\":\"left\",\"vertical_align\":\"middle\",\"width\":\"default\"},\"children\":[{\"type\":\"row\",\"children\":[{\"type\":\"column\",\"props\":{\"image_position\":\"center-center\",\"position_sticky_breakpoint\":\"m\"},\"children\":[{\"type\":\"totop\",\"props\":{\"margin\":\"default\",\"title_grid_column_gap\":\"small\",\"title_grid_row_gap\":\"small\"}}]}]}]}],\"version\":\"4.5.13\"} --><\/p>\n","protected":false},"excerpt":{"rendered":"<p>Pavla Zavadilov\u00e1 Zakladatelka kancel\u00e1\u0159e s v\u00edce ne\u017e 25 lety zku\u0161enost\u00ed v oboru \u010desko-n\u011bmeck\u00e9ho da\u0148ov\u00e9ho \u00fa\u010detnictv\u00ed. Je aktivn\u00ed \u010dlenkou sekce \u00fa\u010detnictv\u00ed a sekce IT Komory da\u0148ov\u00fdch poradc\u016f \u010cR a anga\u017euje se v digitalizaci v oboru zejm\u00e9na v kooperaci s DATEVem. Od roku 2000 pilotuje nov\u00e9 programy DATEV, v obdob\u00ed od roku 2000 do roku 2010 \u010deskou [&hellip;]<\/p>\n","protected":false},"author":1,"featured_media":0,"parent":0,"menu_order":0,"comment_status":"closed","ping_status":"closed","template":"","meta":{"footnotes":""},"class_list":["post-520","page","type-page","status-publish","hentry"],"_links":{"self":[{"href":"https:\/\/zrk-cz.com\/cs\/wp-json\/wp\/v2\/pages\/520","targetHints":{"allow":["GET"]}}],"collection":[{"href":"https:\/\/zrk-cz.com\/cs\/wp-json\/wp\/v2\/pages"}],"about":[{"href":"https:\/\/zrk-cz.com\/cs\/wp-json\/wp\/v2\/types\/page"}],"author":[{"embeddable":true,"href":"https:\/\/zrk-cz.com\/cs\/wp-json\/wp\/v2\/users\/1"}],"replies":[{"embeddable":true,"href":"https:\/\/zrk-cz.com\/cs\/wp-json\/wp\/v2\/comments?post=520"}],"version-history":[{"count":11,"href":"https:\/\/zrk-cz.com\/cs\/wp-json\/wp\/v2\/pages\/520\/revisions"}],"predecessor-version":[{"id":924,"href":"https:\/\/zrk-cz.com\/cs\/wp-json\/wp\/v2\/pages\/520\/revisions\/924"}],"wp:attachment":[{"href":"https:\/\/zrk-cz.com\/cs\/wp-json\/wp\/v2\/media?parent=520"}],"curies":[{"name":"wp","href":"https:\/\/api.w.org\/{rel}","templated":true}]}}