{"id":379,"date":"2024-09-10T13:26:34","date_gmt":"2024-09-10T13:26:34","guid":{"rendered":"http:\/\/zrk-cz.gramlich-it.de\/impressum\/"},"modified":"2025-03-07T12:21:13","modified_gmt":"2025-03-07T12:21:13","slug":"impressum","status":"publish","type":"page","link":"https:\/\/zrk-cz.com\/cs\/impressum\/","title":{"rendered":"Impressum"},"content":{"rendered":"<div>\n\n<div  uk-slideshow=\"animation: fade;ratio: 100:50;min-height: 100\">\n\n    <div class=\"uk-position-relative uk-visible-toggle\">\n\n        <ul class=\"uk-slideshow-items \" >\n        \n            <li>\n\n                \n                    \n                        <img decoding=\"async\" src=\"\/wp-content\/uploads\/2024\/09\/impressum.jpg\" alt=\"Impressum\" uk-cover>\n                    \n                    \n                    \n                \n            <\/li>\n\n                <\/ul>\n\n        \n                        <div class=\"uk-light\">\n            \n                <a href=\"#\" class=\"uk-position-center-left uk-position-small uk-hidden-hover\" uk-slidenav-previous uk-slideshow-item=\"previous\"><\/a>\n                <a href=\"#\" class=\"uk-position-center-right uk-position-small uk-hidden-hover\" uk-slidenav-next uk-slideshow-item=\"next\"><\/a>\n\n                        <\/div>\n            \n        \n                <div class=\"uk-overlay uk-position-bottom uk-light\">\n            \n<ul class=\"uk-dotnav uk-flex-center\" uk-margin>\n    <li uk-slideshow-item=\"0\"><a href=\"#\">Impressum<\/a><\/li>\n<\/ul>\n        <\/div>\n        \n    <\/div>\n\n    \n<\/div>\n<\/div>\n<div>\n<p><strong>Z<span class=\"sc-aXZVg cLqXlQ AT-ate-chip--compact ate-chip--marker  ate-chip ate-chip--compact ate-chip--marker\" data-segment=\"gid_0\" data-type=\"g\">avadilova <span class=\"error-spellcheck\" data-word=\"Rysavy\" data-suggestion=\"Rusavy|Rysovy|Rysa-vy|Rysa vy\">Rysavy<\/span> <span class=\"error-spellcheck\" data-word=\"Kollegen\" data-suggestion=\"Kolagen|Kolen|Kolene|Koleno\">Kollegen<\/span> s.r.o.<\/span> <\/strong><\/p>\n<p>Zastoupen\u00e1 Pavlou Zavadilovou, jednatelkou <span class=\"error-spellcheck\" data-word=\"spole\u010dnosti\" data-suggestion=\"spole\u00e8nosti\">spole\u010dnosti <\/span><\/p>\n<p><strong>S\u00eddlo: <br \/><\/strong>V\u00e1clavsk\u00e9 <span class=\"error-spellcheck\" data-word=\"n\u00e1m\u011bst\u00ed\" data-suggestion=\"\">n\u00e1m\u011bst\u00ed<\/span> 795\/40, 110 00 Praha &#8211; Nov\u00e9 <span class=\"error-spellcheck\" data-word=\"M\u011bsto\" data-suggestion=\"M\u00edsto\">M\u011bsto<\/span>.<\/p>\n<p><span class=\"error-spellcheck\" data-word=\"Rejst\u0159\u00edkov\u00fd\" data-suggestion=\"Rejst\u00f8\u00edkov\u00fd\"><strong>Z\u00e1pis v rejst\u0159\u00edku:\u00a0<br \/><\/strong><\/span><span class=\"error-spellcheck\" data-word=\"Rejst\u0159\u00edkov\u00fd\" data-suggestion=\"Rejst\u00f8\u00edkov\u00fd\">Rejst\u0159\u00edkov\u00fd<\/span> soud: Praha C237482<br \/>\u010c<span class=\"error-spellcheck\" data-word=\"\u010d\u00edslo\" data-suggestion=\"\">\u00edslo<\/span> rejst\u0159\u00edku: 27746518.<\/p>\n<p><strong><span class=\"error-spellcheck\" data-word=\"Identifika\u010dn\u00ed\" data-suggestion=\"Identifika\u00e8n\u00ed\">Identifika\u010dn\u00ed<\/span> <span class=\"error-spellcheck\" data-word=\"\u010d\u00edslo\" data-suggestion=\"\">\u010d\u00edslo<\/span> pro <span class=\"error-spellcheck\" data-word=\"da\u0148\" data-suggestion=\"Danda\">da\u0148<\/span> z <span class=\"error-spellcheck\" data-word=\"p\u0159idan\u00e9\" data-suggestion=\"p\u00f8idan\u00ecj\u00b9\u00ed\">p\u0159idan\u00e9<\/span> hodnoty (DI\u010c): <br \/><\/strong>CZ27746518<\/p>\n<p>Registrov\u00e1na u <a href=\"https:\/\/kdpcr.cz\/spolecnost\/zavadilova-rysavy-kollegen-sro\" target=\"_blank\" rel=\"noopener\"><span class=\"sc-aXZVg cLqXlQ AT-ate-chip--compact ate-chip--marker  ate-chip ate-chip--compact ate-chip--marker\" data-segment=\"gid_0\" data-type=\"g\"><strong>Komory <span class=\"error-spellcheck\" data-word=\"da\u0148ov\u00fdch\" data-suggestion=\"\">da\u0148ov\u00fdch<\/span> <span class=\"error-spellcheck\" data-word=\"poradc\u016f\" data-suggestion=\"poradce\">poradc\u016f<\/span> <span class=\"error-spellcheck\" data-word=\"\u010cesk\u00e9\" data-suggestion=\"\">\u010cesk\u00e9<\/span> republiky <\/strong><\/span><\/a><span class=\"sc-aXZVg cLqXlQ AT-ate-chip--compact ate-chip--marker  ate-chip ate-chip--compact ate-chip--marker\" data-segment=\"gid_0\" data-type=\"g\">jako <\/span><span class=\"sc-aXZVg cLqXlQ AT-ate-chip--compact ate-chip--marker  ate-chip ate-chip--compact ate-chip--marker\" data-segment=\"gid_0\" data-type=\"g\"><span class=\"error-spellcheck\" data-word=\"da\u0148ov\u00fd\" data-suggestion=\"\">da\u0148ov\u00fd<\/span> poradce \u010d. 27746518<\/span>.\u00a0<\/p>\n<\/div>\n<div>\n<p><strong>Z<span class=\"sc-aXZVg cLqXlQ AT-ate-chip--compact ate-chip--marker  ate-chip ate-chip--compact ate-chip--marker\" data-segment=\"gid_0\" data-type=\"g\">avadilova <span class=\"error-spellcheck\" data-word=\"Rysavy\" data-suggestion=\"Rusavy|Rysovy|Rysa-vy|Rysa vy\">Rysavy<\/span> <span class=\"error-spellcheck\" data-word=\"Kollegen\" data-suggestion=\"Kolagen|Kolen|Kolene|Koleno\">Kollegen<\/span> <span class=\"error-spellcheck\" data-word=\"Slovakia\" data-suggestion=\"Slovakista|Slovakistka\">Slovakia<\/span> s.r.o.<\/span><\/strong><\/p>\n<p>Zastoupen\u00e1 Pavlou Zavadilovou, jednatelkou <span class=\"error-spellcheck\" data-word=\"spole\u010dnosti\" data-suggestion=\"spole\u00e8nosti\">spole\u010dnosti <\/span><\/p>\n<p><strong>S\u00eddlo: <br \/><\/strong>Such\u00e9 m\u00fdto 1, 81103 Bratislava-Star\u00e9 <span class=\"error-spellcheck\" data-word=\"Mesto\" data-suggestion=\"Meto|Msto|Melto|Merto|Cesto|Gesto|Testo\">Mesto<\/span>.<\/p>\n<p><strong>Z\u00e1pis v rejst\u0159\u00edku: <br \/><\/strong><span class=\"error-spellcheck\" data-word=\"Rejst\u0159\u00edkov\u00fd\" data-suggestion=\"Rejst\u00f8\u00edkov\u00fd\">Rejst\u0159\u00edkov\u00fd<\/span> soud: Bratislava III, 112493\/B <br \/>\u010c<span class=\"error-spellcheck\" data-word=\"\u010d\u00edslo\" data-suggestion=\"\">\u00edslo<\/span> rejst\u0159\u00edku: 50391470.<\/p>\n<p><strong><span class=\"error-spellcheck\" data-word=\"Identifika\u010dn\u00ed\" data-suggestion=\"Identifika\u00e8n\u00ed\">Identifika\u010dn\u00ed<\/span> <span class=\"error-spellcheck\" data-word=\"\u010d\u00edslo\" data-suggestion=\"\">\u010d\u00edslo<\/span> pro <span class=\"error-spellcheck\" data-word=\"da\u0148\" data-suggestion=\"Danda\">da\u0148<\/span> z <span class=\"error-spellcheck\" data-word=\"p\u0159idan\u00e9\" data-suggestion=\"p\u00f8idan\u00ecj\u00b9\u00ed\">p\u0159idan\u00e9<\/span> hodnoty (I\u010c DPH): <br \/><\/strong>SK2120323161\u00a0<\/p>\n<\/p>\n<\/div>\n<p><!--more--><br \/>\n<!-- {\"type\":\"layout\",\"children\":[{\"type\":\"section\",\"props\":{\"image_position\":\"center-center\",\"style\":\"default\",\"title_breakpoint\":\"xl\",\"title_position\":\"top-left\",\"title_rotation\":\"left\",\"vertical_align\":\"middle\",\"width\":\"default\"},\"children\":[{\"type\":\"row\",\"children\":[{\"type\":\"column\",\"props\":{\"image_position\":\"center-center\",\"position_sticky_breakpoint\":\"m\"},\"children\":[{\"type\":\"html\",\"props\":{\"content\":\"[widgetkit id=\\\"15\\\"]\"}}]}]}]},{\"type\":\"section\",\"props\":{\"image_position\":\"center-center\",\"style\":\"default\",\"title_breakpoint\":\"xl\",\"title_position\":\"top-left\",\"title_rotation\":\"left\",\"vertical_align\":\"middle\",\"width\":\"default\"},\"children\":[{\"type\":\"row\",\"children\":[{\"type\":\"column\",\"props\":{\"image_position\":\"center-center\",\"position_sticky_breakpoint\":\"m\"},\"children\":[{\"type\":\"text\",\"props\":{\"column_breakpoint\":\"m\",\"content\":\"\n\n<p><strong>Z<span class=\\\"sc-aXZVg cLqXlQ AT-ate-chip--compact ate-chip--marker  ate-chip ate-chip--compact ate-chip--marker\\\" data-segment=\\\"gid_0\\\" data-type=\\\"g\\\">avadilova <span class=\\\"error-spellcheck\\\" data-word=\\\"Rysavy\\\" data-suggestion=\\\"Rusavy|Rysovy|Rysa-vy|Rysa vy\\\">Rysavy<\\\/span> <span class=\\\"error-spellcheck\\\" data-word=\\\"Kollegen\\\" data-suggestion=\\\"Kolagen|Kolen|Kolene|Koleno\\\">Kollegen<\\\/span> s.r.o.<\\\/span> <\\\/strong><\\\/p>\\n\n\n<p>Zastoupen\\u00e1 Pavlou Zavadilovou, jednatelkou <span class=\\\"error-spellcheck\\\" data-word=\\\"spole\\u010dnosti\\\" data-suggestion=\\\"spole\\u00e8nosti\\\">spole\\u010dnosti <\\\/span><\\\/p>\\n\n\n<p><strong>S\\u00eddlo: <br \\\/><\\\/strong>V\\u00e1clavsk\\u00e9 <span class=\\\"error-spellcheck\\\" data-word=\\\"n\\u00e1m\\u011bst\\u00ed\\\" data-suggestion=\\\"\\\">n\\u00e1m\\u011bst\\u00ed<\\\/span> 795\\\/40, 110 00 Praha - Nov\\u00e9 <span class=\\\"error-spellcheck\\\" data-word=\\\"M\\u011bsto\\\" data-suggestion=\\\"M\\u00edsto\\\">M\\u011bsto<\\\/span>.<\\\/p>\\n\n\n<p><span class=\\\"error-spellcheck\\\" data-word=\\\"Rejst\\u0159\\u00edkov\\u00fd\\\" data-suggestion=\\\"Rejst\\u00f8\\u00edkov\\u00fd\\\"><strong>Z\\u00e1pis v rejst\\u0159\\u00edku:\\u00a0<br \\\/><\\\/strong><\\\/span><span class=\\\"error-spellcheck\\\" data-word=\\\"Rejst\\u0159\\u00edkov\\u00fd\\\" data-suggestion=\\\"Rejst\\u00f8\\u00edkov\\u00fd\\\">Rejst\\u0159\\u00edkov\\u00fd<\\\/span> soud: Praha C237482<br \\\/>\\u010c<span class=\\\"error-spellcheck\\\" data-word=\\\"\\u010d\\u00edslo\\\" data-suggestion=\\\"\\\">\\u00edslo<\\\/span> rejst\\u0159\\u00edku: 27746518.<\\\/p>\\n\n\n<p><strong><span class=\\\"error-spellcheck\\\" data-word=\\\"Identifika\\u010dn\\u00ed\\\" data-suggestion=\\\"Identifika\\u00e8n\\u00ed\\\">Identifika\\u010dn\\u00ed<\\\/span> <span class=\\\"error-spellcheck\\\" data-word=\\\"\\u010d\\u00edslo\\\" data-suggestion=\\\"\\\">\\u010d\\u00edslo<\\\/span> pro <span class=\\\"error-spellcheck\\\" data-word=\\\"da\\u0148\\\" data-suggestion=\\\"Danda\\\">da\\u0148<\\\/span> z <span class=\\\"error-spellcheck\\\" data-word=\\\"p\\u0159idan\\u00e9\\\" data-suggestion=\\\"p\\u00f8idan\\u00ecj\\u00b9\\u00ed\\\">p\\u0159idan\\u00e9<\\\/span> hodnoty (DI\\u010c): <br \\\/><\\\/strong>CZ27746518<\\\/p>\\n\n\n<p>Registrov\\u00e1na u <a href=\\\"https:\\\/\\\/kdpcr.cz\\\/spolecnost\\\/zavadilova-rysavy-kollegen-sro\\\" target=\\\"_blank\\\" rel=\\\"noopener\\\"><span class=\\\"sc-aXZVg cLqXlQ AT-ate-chip--compact ate-chip--marker  ate-chip ate-chip--compact ate-chip--marker\\\" data-segment=\\\"gid_0\\\" data-type=\\\"g\\\"><strong>Komory <span class=\\\"error-spellcheck\\\" data-word=\\\"da\\u0148ov\\u00fdch\\\" data-suggestion=\\\"\\\">da\\u0148ov\\u00fdch<\\\/span> <span class=\\\"error-spellcheck\\\" data-word=\\\"poradc\\u016f\\\" data-suggestion=\\\"poradce\\\">poradc\\u016f<\\\/span> <span class=\\\"error-spellcheck\\\" data-word=\\\"\\u010cesk\\u00e9\\\" data-suggestion=\\\"\\\">\\u010cesk\\u00e9<\\\/span> republiky <\\\/strong><\\\/span><\\\/a><span class=\\\"sc-aXZVg cLqXlQ AT-ate-chip--compact ate-chip--marker  ate-chip ate-chip--compact ate-chip--marker\\\" data-segment=\\\"gid_0\\\" data-type=\\\"g\\\">jako <\\\/span><span class=\\\"sc-aXZVg cLqXlQ AT-ate-chip--compact ate-chip--marker  ate-chip ate-chip--compact ate-chip--marker\\\" data-segment=\\\"gid_0\\\" data-type=\\\"g\\\"><span class=\\\"error-spellcheck\\\" data-word=\\\"da\\u0148ov\\u00fd\\\" data-suggestion=\\\"\\\">da\\u0148ov\\u00fd<\\\/span> poradce \\u010d. 27746518<\\\/span>.\\u00a0<\\\/p>\",\"margin\":\"default\"}}]}]}]},{\"type\":\"section\",\"props\":{\"image_position\":\"center-center\",\"style\":\"default\",\"title_breakpoint\":\"xl\",\"title_position\":\"top-left\",\"title_rotation\":\"left\",\"vertical_align\":\"middle\",\"width\":\"default\"},\"children\":[{\"type\":\"row\",\"children\":[{\"type\":\"column\",\"props\":{\"image_position\":\"center-center\",\"position_sticky_breakpoint\":\"m\"},\"children\":[{\"type\":\"text\",\"props\":{\"column_breakpoint\":\"m\",\"content\":\"\n\n<p><strong>Z<span class=\\\"sc-aXZVg cLqXlQ AT-ate-chip--compact ate-chip--marker  ate-chip ate-chip--compact ate-chip--marker\\\" data-segment=\\\"gid_0\\\" data-type=\\\"g\\\">avadilova <span class=\\\"error-spellcheck\\\" data-word=\\\"Rysavy\\\" data-suggestion=\\\"Rusavy|Rysovy|Rysa-vy|Rysa vy\\\">Rysavy<\\\/span> <span class=\\\"error-spellcheck\\\" data-word=\\\"Kollegen\\\" data-suggestion=\\\"Kolagen|Kolen|Kolene|Koleno\\\">Kollegen<\\\/span> <span class=\\\"error-spellcheck\\\" data-word=\\\"Slovakia\\\" data-suggestion=\\\"Slovakista|Slovakistka\\\">Slovakia<\\\/span> s.r.o.<\\\/span><\\\/strong><\\\/p>\\n\n\n<p>Zastoupen\\u00e1 Pavlou Zavadilovou, jednatelkou <span class=\\\"error-spellcheck\\\" data-word=\\\"spole\\u010dnosti\\\" data-suggestion=\\\"spole\\u00e8nosti\\\">spole\\u010dnosti <\\\/span><\\\/p>\\n\n\n<p><strong>S\\u00eddlo: <br \\\/><\\\/strong>Such\\u00e9 m\\u00fdto 1, 81103 Bratislava-Star\\u00e9 <span class=\\\"error-spellcheck\\\" data-word=\\\"Mesto\\\" data-suggestion=\\\"Meto|Msto|Melto|Merto|Cesto|Gesto|Testo\\\">Mesto<\\\/span>.<\\\/p>\\n\n\n<p><strong>Z\\u00e1pis v rejst\\u0159\\u00edku: <br \\\/><\\\/strong><span class=\\\"error-spellcheck\\\" data-word=\\\"Rejst\\u0159\\u00edkov\\u00fd\\\" data-suggestion=\\\"Rejst\\u00f8\\u00edkov\\u00fd\\\">Rejst\\u0159\\u00edkov\\u00fd<\\\/span> soud: Bratislava III, 112493\\\/B <br \\\/>\\u010c<span class=\\\"error-spellcheck\\\" data-word=\\\"\\u010d\\u00edslo\\\" data-suggestion=\\\"\\\">\\u00edslo<\\\/span> rejst\\u0159\\u00edku: 50391470.<\\\/p>\\n\n\n<p><strong><span class=\\\"error-spellcheck\\\" data-word=\\\"Identifika\\u010dn\\u00ed\\\" data-suggestion=\\\"Identifika\\u00e8n\\u00ed\\\">Identifika\\u010dn\\u00ed<\\\/span> <span class=\\\"error-spellcheck\\\" data-word=\\\"\\u010d\\u00edslo\\\" data-suggestion=\\\"\\\">\\u010d\\u00edslo<\\\/span> pro <span class=\\\"error-spellcheck\\\" data-word=\\\"da\\u0148\\\" data-suggestion=\\\"Danda\\\">da\\u0148<\\\/span> z <span class=\\\"error-spellcheck\\\" data-word=\\\"p\\u0159idan\\u00e9\\\" data-suggestion=\\\"p\\u00f8idan\\u00ecj\\u00b9\\u00ed\\\">p\\u0159idan\\u00e9<\\\/span> hodnoty (I\\u010c DPH): <br \\\/><\\\/strong>SK2120323161\\u00a0<\\\/p>\\n\n\n<p><\\\/p>\\n\n\n<p><\\\/p>\",\"margin\":\"default\"}}]}]}]},{\"type\":\"section\",\"props\":{\"image_position\":\"center-center\",\"style\":\"default\",\"title_breakpoint\":\"xl\",\"title_position\":\"top-left\",\"title_rotation\":\"left\",\"vertical_align\":\"middle\",\"width\":\"default\"},\"children\":[{\"type\":\"row\",\"children\":[{\"type\":\"column\",\"props\":{\"image_position\":\"center-center\",\"position_sticky_breakpoint\":\"m\"},\"children\":[{\"type\":\"totop\",\"props\":{\"margin\":\"default\",\"title_grid_column_gap\":\"small\",\"title_grid_row_gap\":\"small\"}}]}]}]}],\"version\":\"4.5.0\"} --><\/p>\n","protected":false},"excerpt":{"rendered":"<p>Zavadilova Rysavy Kollegen s.r.o. Zastoupen\u00e1 Pavlou Zavadilovou, jednatelkou spole\u010dnosti S\u00eddlo: V\u00e1clavsk\u00e9 n\u00e1m\u011bst\u00ed 795\/40, 110 00 Praha &#8211; Nov\u00e9 M\u011bsto. Z\u00e1pis v rejst\u0159\u00edku:\u00a0Rejst\u0159\u00edkov\u00fd soud: Praha C237482\u010c\u00edslo rejst\u0159\u00edku: 27746518. Identifika\u010dn\u00ed \u010d\u00edslo pro da\u0148 z p\u0159idan\u00e9 hodnoty (DI\u010c): CZ27746518 Registrov\u00e1na u Komory da\u0148ov\u00fdch poradc\u016f \u010cesk\u00e9 republiky jako da\u0148ov\u00fd poradce \u010d. 27746518.\u00a0 Zavadilova Rysavy Kollegen Slovakia s.r.o. Zastoupen\u00e1 Pavlou [&hellip;]<\/p>\n","protected":false},"author":1,"featured_media":0,"parent":0,"menu_order":0,"comment_status":"closed","ping_status":"closed","template":"","meta":{"footnotes":""},"class_list":["post-379","page","type-page","status-publish","hentry"],"_links":{"self":[{"href":"https:\/\/zrk-cz.com\/cs\/wp-json\/wp\/v2\/pages\/379","targetHints":{"allow":["GET"]}}],"collection":[{"href":"https:\/\/zrk-cz.com\/cs\/wp-json\/wp\/v2\/pages"}],"about":[{"href":"https:\/\/zrk-cz.com\/cs\/wp-json\/wp\/v2\/types\/page"}],"author":[{"embeddable":true,"href":"https:\/\/zrk-cz.com\/cs\/wp-json\/wp\/v2\/users\/1"}],"replies":[{"embeddable":true,"href":"https:\/\/zrk-cz.com\/cs\/wp-json\/wp\/v2\/comments?post=379"}],"version-history":[{"count":9,"href":"https:\/\/zrk-cz.com\/cs\/wp-json\/wp\/v2\/pages\/379\/revisions"}],"predecessor-version":[{"id":858,"href":"https:\/\/zrk-cz.com\/cs\/wp-json\/wp\/v2\/pages\/379\/revisions\/858"}],"wp:attachment":[{"href":"https:\/\/zrk-cz.com\/cs\/wp-json\/wp\/v2\/media?parent=379"}],"curies":[{"name":"wp","href":"https:\/\/api.w.org\/{rel}","templated":true}]}}