{"id":375,"date":"2024-09-25T15:27:39","date_gmt":"2024-09-25T15:27:39","guid":{"rendered":"http:\/\/zrk-cz.gramlich-it.de\/odborne-clanky\/"},"modified":"2026-01-13T19:36:05","modified_gmt":"2026-01-13T19:36:05","slug":"odborne-clanky","status":"publish","type":"page","link":"https:\/\/zrk-cz.com\/cs\/odborne-clanky\/","title":{"rendered":"Odborn\u00e9 \u010dl\u00e1nky"},"content":{"rendered":"<div>\n\n<div  uk-slideshow=\"animation: fade\">\n\n    <div class=\"uk-position-relative uk-visible-toggle\">\n\n        <ul class=\"uk-slideshow-items \" uk-height-viewport=\"100\">\n        \n            <li>\n\n                \n                    \n                        <img decoding=\"async\" src=\"\/wp-content\/uploads\/2024\/09\/ZRK_Fotky-web-Praha_foto_Vojtech-Kaba_NOXmedia_cz-8-scaled-e1728814559569.jpg\" alt=\"ZRK Fotky Web Praha Foto Vojt\u011bch K\u00e1ba NOXmedia Cz 8\" uk-cover>\n                    \n                    \n                    \n                \n            <\/li>\n\n                <\/ul>\n\n        \n                        <div class=\"uk-light\">\n            \n                <a href=\"#\" class=\"uk-position-center-left uk-position-small uk-hidden-hover\" uk-slidenav-previous uk-slideshow-item=\"previous\"><\/a>\n                <a href=\"#\" class=\"uk-position-center-right uk-position-small uk-hidden-hover\" uk-slidenav-next uk-slideshow-item=\"next\"><\/a>\n\n                        <\/div>\n            \n        \n        \n    <\/div>\n\n    \n<\/div>\n<\/div>\n<table>\n<tbody>\n<tr>\n<td>In Tschechien jetzt auch Rechnungslegung in Euro<\/td>\n<td>\n<p>IWB &#8211; Internationales Steuer- und Wirtschaftsrecht 3\/2024<\/p>\n<\/td>\n<td>\n        <a href=\"\/wp-content\/uploads\/2024\/12\/Aktuell_Zavadilova_03_ng.pdf\">Download<\/a>\n    <\/td>\n<\/tr>\n<tr>\n<td>Digitalizace \u00fa\u010detnictv\u00ed ve sv\u011btle n\u00e1vrhu nov\u00e9ho z\u00e1kona o \u00fa\u010detnictv\u00ed<\/td>\n<td>\n<p>Bulletin Komory da\u0148ov\u00fdch poradc\u016f \u010cR<\/p>\n<\/td>\n<td>\n        <a href=\"\/wp-content\/uploads\/2024\/10\/ARTIKEL-CZ-Bulletin_KDP_03_2022_35-37.pdf\">Download<\/a>\n    <\/td>\n<\/tr>\n<tr>\n<td>Das neue Finanzamtsportal in Tschechien &#8211; ein Grund nach Tschechien zu fahren<\/td>\n<td>\n<p>IWB &#8211; Internationales Steuer- und Wirtschaftsrecht 22\/2021<\/p>\n<\/td>\n<td>\n        <a href=\"\/wp-content\/uploads\/2024\/10\/2021-22-IWB_Internationales_Steuer_und_Wirtschaftsrecht.pdf\">Download<\/a>\n    <\/td>\n<\/tr>\n<tr>\n<td>Novelle des Gesetzes \u00fcber Investitionsanreize in Tschechien &#8212; F\u00f6rderung in der verarbeitenden Industrie, f\u00fcr strategische Dienstleistungen und Technologiezentren<\/td>\n<td>\n<p>IWB &#8211; Internationales Steuer- und Wirtschaftsrecht 7\/2016<\/p>\n<\/td>\n<td>\n        <a href=\"\/wp-content\/uploads\/2024\/10\/Presse_Novelle_des_Gesetzes_ueber_Investionsanreize_in_Tschechien_IWB_14_2016-1.pdf\">Download<\/a>\n    <\/td>\n<\/tr>\n<tr>\n<td>Aufbau eines effizienten deutsch-tschechischen Rechnungswesens<\/td>\n<td>\n<p>IWB &#8211; Internationales Steuer- und Wirtschaftsrecht 8\/2014<\/p>\n<\/td>\n<td>\n        <a href=\"\/wp-content\/uploads\/2024\/10\/Presse_Aufbau_eines_effizienten_deutsch-tschechischen_Rechnungswesens_IWB_8_2014-1.pdf\">Download<\/a>\n    <\/td>\n<\/tr>\n<tr>\n<td>Deutsch-tschechisches Mandat<\/td>\n<td>\n<p>DATEV magazin 1\/2009<\/p>\n<\/td>\n<td>\n        <a href=\"\/wp-content\/uploads\/2024\/10\/Presse_Deutsch-tschechisches_Mandat_DATEV_magazin_2009.pdf\">Download<\/a>\n    <\/td>\n<\/tr>\n<tr>\n<td>Buchf\u00fchrungspflicht in Tschechien &#8211; Arbeitgebermeldungen in Tschechien -Transaktionssteuer in der Slowakei<\/td>\n<td>\n<p>Internationales Steuer-und Wirtschaftsrecht 23-2025<\/p>\n<\/td>\n<td>\n        <a href=\"\/wp-content\/uploads\/2026\/01\/Aktuell_2025_23.pdf\">Download<\/a>\n    <\/td>\n<\/tr>\n<\/tbody>\n<\/table>\n<p><!--more--><br \/>\n<!-- {\"type\":\"layout\",\"children\":[{\"type\":\"section\",\"props\":{\"image_position\":\"center-center\",\"style\":\"default\",\"title_breakpoint\":\"xl\",\"title_position\":\"top-left\",\"title_rotation\":\"left\",\"vertical_align\":\"middle\",\"width\":\"default\"},\"children\":[{\"type\":\"row\",\"children\":[{\"type\":\"column\",\"props\":{\"image_position\":\"center-center\",\"position_sticky_breakpoint\":\"m\"},\"children\":[{\"type\":\"html\",\"props\":{\"content\":\"[widgetkit id=\\\"12\\\"]\"}}]}]}]},{\"type\":\"section\",\"props\":{\"image_position\":\"center-center\",\"style\":\"default\",\"title_breakpoint\":\"xl\",\"title_position\":\"top-left\",\"title_rotation\":\"left\",\"vertical_align\":\"middle\",\"width\":\"default\"},\"children\":[{\"type\":\"row\",\"children\":[{\"type\":\"column\",\"props\":{\"image_position\":\"center-center\",\"position_sticky_breakpoint\":\"m\"},\"children\":[{\"type\":\"table\",\"props\":{\"image_svg_color\":\"emphasis\",\"link_size\":\"small\",\"link_style\":\"primary\",\"link_text\":\"Read more\",\"meta_style\":\"text-meta\",\"show_content\":true,\"show_image\":true,\"show_link\":true,\"show_meta\":true,\"show_title\":true,\"table_hover\":true,\"table_justify\":true,\"table_order\":\"1\",\"table_responsive\":\"responsive\",\"table_size\":\"large\",\"table_style\":\"divider\",\"table_vertical_align\":true,\"table_width_content\":\"shrink\",\"table_width_meta\":\"shrink\",\"table_width_title\":\"\",\"title_style\":\"h6\"},\"children\":[{\"type\":\"table_item\",\"props\":{\"content\":\"\n\n<p>IWB - Internationales Steuer- und Wirtschaftsrecht 3\\\/2024<\\\/p>\",\"link\":\"wp-content\\\/uploads\\\/2024\\\/12\\\/Aktuell_Zavadilova_03_ng.pdf\",\"link_text\":\"Download\",\"title\":\"In Tschechien jetzt auch Rechnungslegung in Euro\"}},{\"type\":\"table_item\",\"props\":{\"content\":\"\n\n<p>Bulletin Komory da\\u0148ov\\u00fdch poradc\\u016f \\u010cR<\\\/p>\",\"link\":\"wp-content\\\/uploads\\\/2024\\\/10\\\/ARTIKEL-CZ-Bulletin_KDP_03_2022_35-37.pdf\",\"link_text\":\"Download\",\"title\":\"Digitalizace \\u00fa\\u010detnictv\\u00ed ve sv\\u011btle n\\u00e1vrhu nov\\u00e9ho z\\u00e1kona o \\u00fa\\u010detnictv\\u00ed\"}},{\"type\":\"table_item\",\"props\":{\"content\":\"\n\n<p>IWB - Internationales Steuer- und Wirtschaftsrecht 22\\\/2021<\\\/p>\",\"link\":\"wp-content\\\/uploads\\\/2024\\\/10\\\/2021-22-IWB_Internationales_Steuer_und_Wirtschaftsrecht.pdf\",\"link_text\":\"Download\",\"title\":\"Das neue Finanzamtsportal in Tschechien - ein Grund nach Tschechien zu fahren\"}},{\"type\":\"table_item\",\"props\":{\"content\":\"\n\n<p>IWB - Internationales Steuer- und Wirtschaftsrecht 7\\\/2016<\\\/p>\",\"link\":\"wp-content\\\/uploads\\\/2024\\\/10\\\/Presse_Novelle_des_Gesetzes_ueber_Investionsanreize_in_Tschechien_IWB_14_2016-1.pdf\",\"link_text\":\"Download\",\"title\":\"Novelle des Gesetzes \\u00fcber Investitionsanreize in Tschechien -- F\\u00f6rderung in der verarbeitenden Industrie, f\\u00fcr strategische Dienstleistungen und Technologiezentren\"}},{\"type\":\"table_item\",\"props\":{\"content\":\"\n\n<p>IWB - Internationales Steuer- und Wirtschaftsrecht 8\\\/2014<\\\/p>\",\"link\":\"wp-content\\\/uploads\\\/2024\\\/10\\\/Presse_Aufbau_eines_effizienten_deutsch-tschechischen_Rechnungswesens_IWB_8_2014-1.pdf\",\"link_text\":\"Download\",\"title\":\"Aufbau eines effizienten deutsch-tschechischen Rechnungswesens\"}},{\"type\":\"table_item\",\"props\":{\"content\":\"\n\n<p>DATEV magazin 1\\\/2009<\\\/p>\",\"link\":\"wp-content\\\/uploads\\\/2024\\\/10\\\/Presse_Deutsch-tschechisches_Mandat_DATEV_magazin_2009.pdf\",\"link_text\":\"Download\",\"title\":\"Deutsch-tschechisches Mandat\"}},{\"type\":\"table_item\",\"props\":{\"content\":\"\n\n<p>Internationales Steuer-und Wirtschaftsrecht 23-2025<\\\/p>\",\"link\":\"wp-content\\\/uploads\\\/2026\\\/01\\\/Aktuell_2025_23.pdf\",\"link_text\":\"Download\",\"title\":\"Buchf\\u00fchrungspflicht in Tschechien - Arbeitgebermeldungen in Tschechien -Transaktionssteuer in der Slowakei\"}}]}]}]}]},{\"type\":\"section\",\"props\":{\"image_position\":\"center-center\",\"style\":\"default\",\"title_breakpoint\":\"xl\",\"title_position\":\"top-left\",\"title_rotation\":\"left\",\"vertical_align\":\"middle\",\"width\":\"default\"},\"children\":[{\"type\":\"row\",\"children\":[{\"type\":\"column\",\"props\":{\"image_position\":\"center-center\",\"position_sticky_breakpoint\":\"m\"},\"children\":[{\"type\":\"totop\",\"props\":{\"margin\":\"default\",\"title_grid_column_gap\":\"small\",\"title_grid_row_gap\":\"small\"}}]}]}]}],\"version\":\"4.5.32\"} --><\/p>\n","protected":false},"excerpt":{"rendered":"<p>In Tschechien jetzt auch Rechnungslegung in Euro IWB &#8211; Internationales Steuer- und Wirtschaftsrecht 3\/2024 Download Digitalizace \u00fa\u010detnictv\u00ed ve sv\u011btle n\u00e1vrhu nov\u00e9ho z\u00e1kona o \u00fa\u010detnictv\u00ed Bulletin Komory da\u0148ov\u00fdch poradc\u016f \u010cR Download Das neue Finanzamtsportal in Tschechien &#8211; ein Grund nach Tschechien zu fahren IWB &#8211; Internationales Steuer- und Wirtschaftsrecht 22\/2021 Download Novelle des Gesetzes \u00fcber Investitionsanreize [&hellip;]<\/p>\n","protected":false},"author":1,"featured_media":0,"parent":0,"menu_order":0,"comment_status":"closed","ping_status":"closed","template":"","meta":{"footnotes":""},"class_list":["post-375","page","type-page","status-publish","hentry"],"_links":{"self":[{"href":"https:\/\/zrk-cz.com\/cs\/wp-json\/wp\/v2\/pages\/375","targetHints":{"allow":["GET"]}}],"collection":[{"href":"https:\/\/zrk-cz.com\/cs\/wp-json\/wp\/v2\/pages"}],"about":[{"href":"https:\/\/zrk-cz.com\/cs\/wp-json\/wp\/v2\/types\/page"}],"author":[{"embeddable":true,"href":"https:\/\/zrk-cz.com\/cs\/wp-json\/wp\/v2\/users\/1"}],"replies":[{"embeddable":true,"href":"https:\/\/zrk-cz.com\/cs\/wp-json\/wp\/v2\/comments?post=375"}],"version-history":[{"count":14,"href":"https:\/\/zrk-cz.com\/cs\/wp-json\/wp\/v2\/pages\/375\/revisions"}],"predecessor-version":[{"id":940,"href":"https:\/\/zrk-cz.com\/cs\/wp-json\/wp\/v2\/pages\/375\/revisions\/940"}],"wp:attachment":[{"href":"https:\/\/zrk-cz.com\/cs\/wp-json\/wp\/v2\/media?parent=375"}],"curies":[{"name":"wp","href":"https:\/\/api.w.org\/{rel}","templated":true}]}}