{"id":364,"date":"2024-09-10T13:12:29","date_gmt":"2024-09-10T13:12:29","guid":{"rendered":"http:\/\/zrk-cz.gramlich-it.de\/kariera\/"},"modified":"2025-03-07T12:16:43","modified_gmt":"2025-03-07T12:16:43","slug":"kariera","status":"publish","type":"page","link":"https:\/\/zrk-cz.com\/cs\/kariera\/","title":{"rendered":"Kari\u00e9ra"},"content":{"rendered":"<div>\n\n<div  uk-slideshow=\"animation: fade;ratio: 100:50;min-height: 100\">\n\n    <div class=\"uk-position-relative uk-visible-toggle\">\n\n        <ul class=\"uk-slideshow-items \" >\n        \n            <li>\n\n                \n                    \n                        <img decoding=\"async\" src=\"\/wp-content\/uploads\/2024\/09\/karriere.jpg\" alt=\"Karriere\" uk-cover>\n                    \n                    \n                    \n                \n            <\/li>\n\n                <\/ul>\n\n        \n                        <div class=\"uk-light\">\n            \n                <a href=\"#\" class=\"uk-position-center-left uk-position-small uk-hidden-hover\" uk-slidenav-previous uk-slideshow-item=\"previous\"><\/a>\n                <a href=\"#\" class=\"uk-position-center-right uk-position-small uk-hidden-hover\" uk-slidenav-next uk-slideshow-item=\"next\"><\/a>\n\n                        <\/div>\n            \n        \n                <div class=\"uk-overlay uk-position-bottom uk-light\">\n            \n<ul class=\"uk-dotnav uk-flex-center\" uk-margin>\n    <li uk-slideshow-item=\"0\"><a href=\"#\">Karriere<\/a><\/li>\n<\/ul>\n        <\/div>\n        \n    <\/div>\n\n    \n<\/div>\n<\/div>\n<h1>\n<p><span class=\"error-spellcheck\" data-word=\"Aktu\u00e1ln\u011b\" data-suggestion=\"Aktu\u00e1ln\u00ed\">Aktu\u00e1ln\u011b<\/span> hled\u00e1me\u00a0<\/p>\n<\/h1>\n<div>\n<h2><strong>ASISTENT\/ASISTENTKA DA\u0147OV\u00c9HO PORADCE, BRATISLAVA<\/strong><\/h2>\n<\/div>\n<div>\n<p>V <span class=\"error-spellcheck\" data-word=\"p\u0159\u00edpad\u011b\" data-suggestion=\"\">p\u0159\u00edpad\u011b<\/span> z\u00e1jmu o spolupr\u00e1ci n\u00e1s kontaktujte. <strong><span class=\"error-spellcheck\" data-word=\"T\u011b\u0161\u00edme\" data-suggestion=\"\">T\u011b\u0161\u00edme se na V\u00e1s!<br \/><\/span><\/strong><\/p>\n<p>Inzer\u00e1t najdete <a href=\"https:\/\/zrk-cz.com\/wp-content\/uploads\/2024\/09\/ZRK-Anzeige-Assistenz-A4.pdf\">zde<\/a>.<\/p>\n<\/div>\n<p><p>\n        <a href=\"\/cs\/kontakt\/\">Kontakt<\/a>\n    <\/p>\n<\/p>\n<p><!--more--><br \/>\n<!-- {\"type\":\"layout\",\"children\":[{\"type\":\"section\",\"props\":{\"image_position\":\"center-center\",\"style\":\"default\",\"title_breakpoint\":\"xl\",\"title_position\":\"top-left\",\"title_rotation\":\"left\",\"vertical_align\":\"middle\",\"width\":\"default\"},\"children\":[{\"type\":\"row\",\"children\":[{\"type\":\"column\",\"props\":{\"image_position\":\"center-center\",\"position_sticky_breakpoint\":\"m\"},\"children\":[{\"type\":\"html\",\"props\":{\"content\":\"[widgetkit id=\\\"14\\\"]\"}}]}]}]},{\"type\":\"section\",\"props\":{\"image_position\":\"center-center\",\"style\":\"default\",\"title_breakpoint\":\"xl\",\"title_position\":\"top-left\",\"title_rotation\":\"left\",\"vertical_align\":\"middle\",\"width\":\"default\"},\"children\":[{\"type\":\"row\",\"children\":[{\"type\":\"column\",\"props\":{\"image_position\":\"center-center\",\"position_sticky_breakpoint\":\"m\"},\"children\":[{\"type\":\"headline\",\"props\":{\"content\":\"\n\n<p><span class=\\\"error-spellcheck\\\" data-word=\\\"Aktu\\u00e1ln\\u011b\\\" data-suggestion=\\\"Aktu\\u00e1ln\\u00ed\\\">Aktu\\u00e1ln\\u011b<\\\/span> hled\\u00e1me\\u00a0<\\\/p>\",\"title_element\":\"h1\"}},{\"type\":\"text\",\"props\":{\"column_breakpoint\":\"m\",\"content\":\"\n\n<h2><strong>ASISTENT\\\/ASISTENTKA DA\\u0147OV\\u00c9HO PORADCE, BRATISLAVA<\\\/strong><\\\/h2>\",\"margin\":\"default\"}},{\"type\":\"text\",\"props\":{\"column_breakpoint\":\"m\",\"content\":\"\n\n<p>V <span class=\\\"error-spellcheck\\\" data-word=\\\"p\\u0159\\u00edpad\\u011b\\\" data-suggestion=\\\"\\\">p\\u0159\\u00edpad\\u011b<\\\/span> z\\u00e1jmu o spolupr\\u00e1ci n\\u00e1s kontaktujte. <strong><span class=\\\"error-spellcheck\\\" data-word=\\\"T\\u011b\\u0161\\u00edme\\\" data-suggestion=\\\"\\\">T\\u011b\\u0161\\u00edme se na V\\u00e1s!<br \\\/><\\\/span><\\\/strong><\\\/p>\\n\n\n<p>Inzer\\u00e1t najdete <a href=\\\"https:\\\/\\\/zrk-cz.com\\\/wp-content\\\/uploads\\\/2024\\\/09\\\/ZRK-Anzeige-Assistenz-A4.pdf\\\">zde<\\\/a>.<\\\/p>\",\"margin\":\"default\"}},{\"type\":\"button\",\"props\":{\"grid_column_gap\":\"small\",\"grid_row_gap\":\"small\",\"margin\":\"default\"},\"children\":[{\"type\":\"button_item\",\"props\":{\"button_style\":\"primary\",\"content\":\"Kontakt\",\"dialog_layout\":\"modal\",\"dialog_offcanvas_flip\":true,\"icon_align\":\"left\",\"link\":\"cs\\\/kontakt\\\/\"}}]}]}]}]},{\"type\":\"section\",\"props\":{\"image_position\":\"center-center\",\"style\":\"default\",\"title_breakpoint\":\"xl\",\"title_position\":\"top-left\",\"title_rotation\":\"left\",\"vertical_align\":\"middle\",\"width\":\"default\"},\"children\":[{\"type\":\"row\",\"children\":[{\"type\":\"column\",\"props\":{\"image_position\":\"center-center\",\"position_sticky_breakpoint\":\"m\"},\"children\":[{\"type\":\"totop\",\"props\":{\"margin\":\"default\",\"title_grid_column_gap\":\"small\",\"title_grid_row_gap\":\"small\"}}]}]}]}],\"version\":\"4.5.0\"} --><\/p>\n","protected":false},"excerpt":{"rendered":"<p>Aktu\u00e1ln\u011b hled\u00e1me\u00a0 ASISTENT\/ASISTENTKA DA\u0147OV\u00c9HO PORADCE, BRATISLAVA V p\u0159\u00edpad\u011b z\u00e1jmu o spolupr\u00e1ci n\u00e1s kontaktujte. T\u011b\u0161\u00edme se na V\u00e1s! Inzer\u00e1t najdete zde. Kontakt<\/p>\n","protected":false},"author":1,"featured_media":0,"parent":0,"menu_order":0,"comment_status":"closed","ping_status":"closed","template":"","meta":{"footnotes":""},"class_list":["post-364","page","type-page","status-publish","hentry"],"_links":{"self":[{"href":"https:\/\/zrk-cz.com\/cs\/wp-json\/wp\/v2\/pages\/364","targetHints":{"allow":["GET"]}}],"collection":[{"href":"https:\/\/zrk-cz.com\/cs\/wp-json\/wp\/v2\/pages"}],"about":[{"href":"https:\/\/zrk-cz.com\/cs\/wp-json\/wp\/v2\/types\/page"}],"author":[{"embeddable":true,"href":"https:\/\/zrk-cz.com\/cs\/wp-json\/wp\/v2\/users\/1"}],"replies":[{"embeddable":true,"href":"https:\/\/zrk-cz.com\/cs\/wp-json\/wp\/v2\/comments?post=364"}],"version-history":[{"count":7,"href":"https:\/\/zrk-cz.com\/cs\/wp-json\/wp\/v2\/pages\/364\/revisions"}],"predecessor-version":[{"id":855,"href":"https:\/\/zrk-cz.com\/cs\/wp-json\/wp\/v2\/pages\/364\/revisions\/855"}],"wp:attachment":[{"href":"https:\/\/zrk-cz.com\/cs\/wp-json\/wp\/v2\/media?parent=364"}],"curies":[{"name":"wp","href":"https:\/\/api.w.org\/{rel}","templated":true}]}}