{"id":227,"date":"2024-09-10T13:29:35","date_gmt":"2024-09-10T13:29:35","guid":{"rendered":"http:\/\/zrk-cz.gramlich-it.de\/ochrana-udaju\/"},"modified":"2025-03-14T10:58:38","modified_gmt":"2025-03-14T10:58:38","slug":"ochrana-udaju","status":"publish","type":"page","link":"https:\/\/zrk-cz.com\/cs\/ochrana-udaju\/","title":{"rendered":"Ochrana dat"},"content":{"rendered":"<div>\n<h2>Z\u00c1KONN\u00c1 USTANOVEN\u00cd<\/h2>\n<p>Z\u00e1kon \u010d. 523\/1992 Sb., <span class=\"error-spellcheck\" data-word=\"\u010cesk\u00e9\" data-suggestion=\"\">\u010cesk\u00e9<\/span> n\u00e1rodn\u00ed rady o <span class=\"error-spellcheck\" data-word=\"da\u0148ov\u00e9m\" data-suggestion=\"\">da\u0148ov\u00e9m<\/span> poradenstv\u00ed a <span class=\"error-spellcheck\" data-word=\"Komo\u0159e\" data-suggestion=\"Komole\">Komo\u0159e<\/span> <span class=\"error-spellcheck\" data-word=\"da\u0148ov\u00fdch\" data-suggestion=\"\">da\u0148ov\u00fdch<\/span> <span class=\"error-spellcheck\" data-word=\"poradc\u016f\" data-suggestion=\"poradce\">poradc\u016f<\/span> <span class=\"error-spellcheck\" data-word=\"\u010cesk\u00e9\" data-suggestion=\"\">\u010cesk\u00e9<\/span> republiky.<\/p>\n<p>Tato internetov\u00e1 str\u00e1nka <span class=\"error-spellcheck\" data-word=\"pou\u017e\u00edv\u00e1\" data-suggestion=\"\">pou\u017e\u00edv\u00e1<\/span> <span class=\"error-spellcheck\" data-word=\"slu\u017ebu\" data-suggestion=\"slu\u00bebu\">slu\u017ebu<\/span> <span class=\"error-spellcheck\" data-word=\"Google\" data-suggestion=\"Gogle|Gogole|Vogle\">Google<\/span> <span class=\"error-spellcheck\" data-word=\"Analytics\" data-suggestion=\"Analytice|Analytici|Analytick\u00fd\">Analytics<\/span>, poskytovanou <span class=\"error-spellcheck\" data-word=\"spole\u010dnost\u00ed\" data-suggestion=\"spole\u00e8enstvo\">spole\u010dnost\u00ed<\/span> <span class=\"error-spellcheck\" data-word=\"Google\" data-suggestion=\"Gogle|Gogole|Vogle\">Google<\/span>, Inc. (d\u00e1le jen <span class=\"\" data-word=\"\u201eGoogle\" data-suggestion=\"\" data-suggestions=\"undefined\">\u201eGoogle<\/span>\u201c). <br \/><span class=\"error-spellcheck\" data-word=\"Slu\u017eba\" data-suggestion=\"Slu\u00beba\">Slu\u017eba<\/span> <span class=\"error-spellcheck\" data-word=\"Google\" data-suggestion=\"Gogle|Gogole|Vogle\">Google<\/span> <span class=\"error-spellcheck\" data-word=\"Analytics\" data-suggestion=\"Analytice|Analytici|Analytick\u00fd\">Analytics<\/span> <span class=\"error-spellcheck\" data-word=\"pou\u017e\u00edv\u00e1\" data-suggestion=\"\">pou\u017e\u00edv\u00e1<\/span> <span class=\"error-spellcheck\" data-word=\"soubor\u016f\" data-suggestion=\"soubor\">soubor\u016f<\/span> <span class=\"\" data-word=\"\u201ecookies\" data-suggestion=\"\" data-suggestions=\"undefined\">\u201ecookies<\/span>\u201c, kter\u00e9 jsou textov\u00fdmi soubory ukl\u00e1dan\u00fdmi do <span class=\"error-spellcheck\" data-word=\"va\u0161eho\" data-suggestion=\"Jehova\">va\u0161eho<\/span> <span class=\"error-spellcheck\" data-word=\"po\u010d\u00edta\u010de\" data-suggestion=\"\">po\u010d\u00edta\u010de<\/span> <span class=\"error-spellcheck\" data-word=\"umo\u017e\u0148uj\u00edc\u00ed\" data-suggestion=\"\">umo\u017e\u0148uj\u00edc\u00ed<\/span> anal\u00fdzu <span class=\"error-spellcheck\" data-word=\"zp\u016fsobu\" data-suggestion=\"zp\u00f9sobu\">zp\u016fsobu<\/span> <span class=\"error-spellcheck\" data-word=\"u\u017e\u00edv\u00e1n\u00ed\" data-suggestion=\"\">u\u017e\u00edv\u00e1n\u00ed<\/span> t\u00e9to str\u00e1nky jej\u00edmi <span class=\"error-spellcheck\" data-word=\"u\u017eivateli\" data-suggestion=\"u\u00beivateli|u\u00beivatel\">u\u017eivateli<\/span>.<\/p>\n<h2>ODPOV\u011aDN\u00dd DA\u0147OV\u00dd PORADCE<\/h2>\n<p>Pavla Zavadilov\u00e1, V\u00e1clavsk\u00e9 <span class=\"error-spellcheck\" data-word=\"n\u00e1m\u011bst\u00ed\" data-suggestion=\"\">n\u00e1m\u011bst\u00ed<\/span> 795\/40, 110 00 Praha &#8211; Nov\u00e9 <span class=\"error-spellcheck\" data-word=\"M\u011bsto\" data-suggestion=\"M\u00edsto\">M\u011bsto<\/span><\/p>\n<h2><strong>GOOGLE ANALYTICS<\/strong><\/h2>\n<p><span class=\"error-spellcheck\" data-word=\"Slu\u017eba\" data-suggestion=\"Slu\u00beba\">Slu\u017eba<\/span> <span class=\"error-spellcheck\" data-word=\"Google\" data-suggestion=\"Gogle|Gogole|Vogle\">Google<\/span> <span class=\"error-spellcheck\" data-word=\"Analytics\" data-suggestion=\"Analytice|Analytici|Analytick\u00fd\">Analytics<\/span> <span class=\"error-spellcheck\" data-word=\"pou\u017e\u00edv\u00e1\" data-suggestion=\"\">pou\u017e\u00edv\u00e1<\/span> <span class=\"error-spellcheck\" data-word=\"soubor\u016f\" data-suggestion=\"soubor\">soubor\u016f<\/span> \u201ecookies\u201c, kter\u00e9 jsou textov\u00fdmi soubory ukl\u00e1dan\u00fdmi do <span class=\"error-spellcheck\" data-word=\"va\u0161eho\" data-suggestion=\"Jehova\">va\u0161eho<\/span> <span class=\"error-spellcheck\" data-word=\"po\u010d\u00edta\u010de\" data-suggestion=\"\">po\u010d\u00edta\u010de<\/span> <span class=\"error-spellcheck\" data-word=\"umo\u017e\u0148uj\u00edc\u00ed\" data-suggestion=\"\">umo\u017e\u0148uj\u00edc\u00ed<\/span> anal\u00fdzu <span class=\"error-spellcheck\" data-word=\"zp\u016fsobu\" data-suggestion=\"zp\u00f9sobu\">zp\u016fsobu<\/span> <span class=\"error-spellcheck\" data-word=\"u\u017e\u00edv\u00e1n\u00ed\" data-suggestion=\"\">u\u017e\u00edv\u00e1n\u00ed<\/span> t\u00e9to str\u00e1nky jej\u00edmi u\u017eivateli. Ukl\u00e1d\u00e1n\u00ed <span class=\"error-spellcheck\" data-word=\"soubor\u016f\" data-suggestion=\"soubor\">soubor\u016f<\/span> <span class=\"error-spellcheck\" data-word=\"cookie\" data-suggestion=\"cokoli\">cookie<\/span> <span class=\"error-spellcheck\" data-word=\"m\u016f\u017eete\" data-suggestion=\"\">m\u016f\u017eete<\/span> zak\u00e1zat pomoc\u00ed <span class=\"error-spellcheck\" data-word=\"p\u0159\u00edslu\u0161n\u00e9ho\" data-suggestion=\"\">p\u0159\u00edslu\u0161n\u00e9ho<\/span> nastaven\u00ed ve <span class=\"error-spellcheck\" data-word=\"Va\u0161em\" data-suggestion=\"Vanerem\">Va\u0161em<\/span> <span class=\"error-spellcheck\" data-word=\"prohl\u00ed\u017ee\u010di\" data-suggestion=\"prohl\u00ed\u00been\u00ecji\">prohl\u00ed\u017ee\u010di<\/span>; <span class=\"error-spellcheck\" data-word=\"upozor\u0148ujeme\" data-suggestion=\"upozor\u00f2ujeme\">upozor\u0148ujeme<\/span> V\u00e1s <span class=\"error-spellcheck\" data-word=\"v\u0161ak\" data-suggestion=\"\">v\u0161ak<\/span> na to, <span class=\"error-spellcheck\" data-word=\"\u017ee\" data-suggestion=\"\u00aee|L\u00bee|M\u00bee|\u00da\u00bee\">\u017ee<\/span> v tomto <span class=\"error-spellcheck\" data-word=\"p\u0159\u00edpad\u011b\" data-suggestion=\"\">p\u0159\u00edpad\u011b<\/span> nebudete moci <span class=\"error-spellcheck\" data-word=\"vyu\u017e\u00edvat\" data-suggestion=\"vyu\u00be\u00edvat\">vyu\u017e\u00edvat<\/span> <span class=\"error-spellcheck\" data-word=\"v\u0161echny\" data-suggestion=\"v\u00b9echny\">v\u0161echny<\/span> funkce t\u00e9to internetov\u00e9 str\u00e1nky v cel\u00e9m rozsahu.<br \/>D\u00e1le <span class=\"error-spellcheck\" data-word=\"m\u016f\u017eete\" data-suggestion=\"\">m\u016f\u017eete<\/span> zamezit <span class=\"error-spellcheck\" data-word=\"shroma\u017e\u010fov\u00e1n\u00ed\" data-suggestion=\"nashroma\u00be\u00efovan\u00fd\">shroma\u017e\u010fov\u00e1n\u00ed<\/span> dat na <span class=\"error-spellcheck\" data-word=\"Google\" data-suggestion=\"Gogle|Gogole|Vogle\">Google<\/span> <span class=\"error-spellcheck\" data-word=\"vytvo\u0159en\u00fdch\" data-suggestion=\"vytvo\u00f8en\u00edch\">vytvo\u0159en\u00fdch<\/span> pomoc\u00ed <span class=\"error-spellcheck\" data-word=\"soubor\u016f\" data-suggestion=\"soubor\">soubor\u016f<\/span> <span class=\"error-spellcheck\" data-word=\"cookie\" data-suggestion=\"cokoli\">cookie<\/span> a vztahuj\u00edc\u00edch se na <span class=\"error-spellcheck\" data-word=\"vyu\u017e\u00edv\u00e1n\u00ed\" data-suggestion=\"\">vyu\u017e\u00edv\u00e1n\u00ed<\/span> t\u00e9to internetov\u00e9 <span class=\"error-spellcheck\" data-word=\"str\u00e1nkya\" data-suggestion=\"str\u00e1nka|str\u00e1nky|str\u00e1nkovat|str\u00e1nky a\">str\u00e1nky a<\/span> zpracov\u00e1n\u00ed <span class=\"error-spellcheck\" data-word=\"t\u011bchto\" data-suggestion=\"t\u00ecchto\">t\u011bchto<\/span> dat <span class=\"error-spellcheck\" data-word=\"spole\u010dnost\u00ed\" data-suggestion=\"spole\u00e8enstvo\">spole\u010dnost\u00ed<\/span> <span class=\"error-spellcheck\" data-word=\"Google\" data-suggestion=\"Gogle|Gogole|Vogle\">Google<\/span> tak, <span class=\"error-spellcheck\" data-word=\"\u017ee\" data-suggestion=\"\u00aee|L\u00bee|M\u00bee|\u00da\u00bee\">\u017ee<\/span> si kliknut\u00edm na n\u00e1sleduj\u00edc\u00ed odkaz st\u00e1hnete a nainstalujete modul <span class=\"error-spellcheck\" data-word=\"plugin\" data-suggestion=\"plu\u00bein\">plugin<\/span>\u00a0 <a href=\"https:\/\/tools.google.com\/dlpage\/gaoptout?hl=en\" target=\"_blank\" rel=\"noopener\">https:\/\/tools.google.com\/dlpage\/gaoptout?hl=en<\/a><\/p>\n<\/div>\n<p><!--more--><br \/>\n<!-- {\"type\":\"layout\",\"children\":[{\"type\":\"section\",\"props\":{\"image_position\":\"center-center\",\"style\":\"default\",\"title_breakpoint\":\"xl\",\"title_position\":\"top-left\",\"title_rotation\":\"left\",\"vertical_align\":\"middle\",\"width\":\"default\"},\"children\":[{\"type\":\"row\",\"children\":[{\"type\":\"column\",\"props\":{\"image_position\":\"center-center\",\"position_sticky_breakpoint\":\"m\"},\"children\":[{\"type\":\"text\",\"props\":{\"column_breakpoint\":\"m\",\"content\":\"\n\n<h2>Z\\u00c1KONN\\u00c1 USTANOVEN\\u00cd<\\\/h2>\\n\n\n<p>Z\\u00e1kon \\u010d. 523\\\/1992 Sb., <span class=\\\"error-spellcheck\\\" data-word=\\\"\\u010cesk\\u00e9\\\" data-suggestion=\\\"\\\">\\u010cesk\\u00e9<\\\/span> n\\u00e1rodn\\u00ed rady o <span class=\\\"error-spellcheck\\\" data-word=\\\"da\\u0148ov\\u00e9m\\\" data-suggestion=\\\"\\\">da\\u0148ov\\u00e9m<\\\/span> poradenstv\\u00ed a <span class=\\\"error-spellcheck\\\" data-word=\\\"Komo\\u0159e\\\" data-suggestion=\\\"Komole\\\">Komo\\u0159e<\\\/span> <span class=\\\"error-spellcheck\\\" data-word=\\\"da\\u0148ov\\u00fdch\\\" data-suggestion=\\\"\\\">da\\u0148ov\\u00fdch<\\\/span> <span class=\\\"error-spellcheck\\\" data-word=\\\"poradc\\u016f\\\" data-suggestion=\\\"poradce\\\">poradc\\u016f<\\\/span> <span class=\\\"error-spellcheck\\\" data-word=\\\"\\u010cesk\\u00e9\\\" data-suggestion=\\\"\\\">\\u010cesk\\u00e9<\\\/span> republiky.<\\\/p>\\n\n\n<p>Tato internetov\\u00e1 str\\u00e1nka <span class=\\\"error-spellcheck\\\" data-word=\\\"pou\\u017e\\u00edv\\u00e1\\\" data-suggestion=\\\"\\\">pou\\u017e\\u00edv\\u00e1<\\\/span> <span class=\\\"error-spellcheck\\\" data-word=\\\"slu\\u017ebu\\\" data-suggestion=\\\"slu\\u00bebu\\\">slu\\u017ebu<\\\/span> <span class=\\\"error-spellcheck\\\" data-word=\\\"Google\\\" data-suggestion=\\\"Gogle|Gogole|Vogle\\\">Google<\\\/span> <span class=\\\"error-spellcheck\\\" data-word=\\\"Analytics\\\" data-suggestion=\\\"Analytice|Analytici|Analytick\\u00fd\\\">Analytics<\\\/span>, poskytovanou <span class=\\\"error-spellcheck\\\" data-word=\\\"spole\\u010dnost\\u00ed\\\" data-suggestion=\\\"spole\\u00e8enstvo\\\">spole\\u010dnost\\u00ed<\\\/span> <span class=\\\"error-spellcheck\\\" data-word=\\\"Google\\\" data-suggestion=\\\"Gogle|Gogole|Vogle\\\">Google<\\\/span>, Inc. (d\\u00e1le jen <span class=\\\"\\\" data-word=\\\"\\u201eGoogle\\\" data-suggestion=\\\"\\\" data-suggestions=\\\"undefined\\\">\\u201eGoogle<\\\/span>\\u201c). <br \\\/><span class=\\\"error-spellcheck\\\" data-word=\\\"Slu\\u017eba\\\" data-suggestion=\\\"Slu\\u00beba\\\">Slu\\u017eba<\\\/span> <span class=\\\"error-spellcheck\\\" data-word=\\\"Google\\\" data-suggestion=\\\"Gogle|Gogole|Vogle\\\">Google<\\\/span> <span class=\\\"error-spellcheck\\\" data-word=\\\"Analytics\\\" data-suggestion=\\\"Analytice|Analytici|Analytick\\u00fd\\\">Analytics<\\\/span> <span class=\\\"error-spellcheck\\\" data-word=\\\"pou\\u017e\\u00edv\\u00e1\\\" data-suggestion=\\\"\\\">pou\\u017e\\u00edv\\u00e1<\\\/span> <span class=\\\"error-spellcheck\\\" data-word=\\\"soubor\\u016f\\\" data-suggestion=\\\"soubor\\\">soubor\\u016f<\\\/span> <span class=\\\"\\\" data-word=\\\"\\u201ecookies\\\" data-suggestion=\\\"\\\" data-suggestions=\\\"undefined\\\">\\u201ecookies<\\\/span>\\u201c, kter\\u00e9 jsou textov\\u00fdmi soubory ukl\\u00e1dan\\u00fdmi do <span class=\\\"error-spellcheck\\\" data-word=\\\"va\\u0161eho\\\" data-suggestion=\\\"Jehova\\\">va\\u0161eho<\\\/span> <span class=\\\"error-spellcheck\\\" data-word=\\\"po\\u010d\\u00edta\\u010de\\\" data-suggestion=\\\"\\\">po\\u010d\\u00edta\\u010de<\\\/span> <span class=\\\"error-spellcheck\\\" data-word=\\\"umo\\u017e\\u0148uj\\u00edc\\u00ed\\\" data-suggestion=\\\"\\\">umo\\u017e\\u0148uj\\u00edc\\u00ed<\\\/span> anal\\u00fdzu <span class=\\\"error-spellcheck\\\" data-word=\\\"zp\\u016fsobu\\\" data-suggestion=\\\"zp\\u00f9sobu\\\">zp\\u016fsobu<\\\/span> <span class=\\\"error-spellcheck\\\" data-word=\\\"u\\u017e\\u00edv\\u00e1n\\u00ed\\\" data-suggestion=\\\"\\\">u\\u017e\\u00edv\\u00e1n\\u00ed<\\\/span> t\\u00e9to str\\u00e1nky jej\\u00edmi <span class=\\\"error-spellcheck\\\" data-word=\\\"u\\u017eivateli\\\" data-suggestion=\\\"u\\u00beivateli|u\\u00beivatel\\\">u\\u017eivateli<\\\/span>.<\\\/p>\\n\n\n<h2>ODPOV\\u011aDN\\u00dd DA\\u0147OV\\u00dd PORADCE<\\\/h2>\\n\n\n<p><br \\\/>Pavla Zavadilov\\u00e1, V\\u00e1clavsk\\u00e9 <span class=\\\"error-spellcheck\\\" data-word=\\\"n\\u00e1m\\u011bst\\u00ed\\\" data-suggestion=\\\"\\\">n\\u00e1m\\u011bst\\u00ed<\\\/span> 795\\\/40, 110 00 Praha - Nov\\u00e9 <span class=\\\"error-spellcheck\\\" data-word=\\\"M\\u011bsto\\\" data-suggestion=\\\"M\\u00edsto\\\">M\\u011bsto<\\\/span><\\\/p>\\n\n\n<h2><strong>GOOGLE ANALYTICS<\\\/strong><\\\/h2>\\n\n\n<p><span class=\\\"error-spellcheck\\\" data-word=\\\"Slu\\u017eba\\\" data-suggestion=\\\"Slu\\u00beba\\\">Slu\\u017eba<\\\/span> <span class=\\\"error-spellcheck\\\" data-word=\\\"Google\\\" data-suggestion=\\\"Gogle|Gogole|Vogle\\\">Google<\\\/span> <span class=\\\"error-spellcheck\\\" data-word=\\\"Analytics\\\" data-suggestion=\\\"Analytice|Analytici|Analytick\\u00fd\\\">Analytics<\\\/span> <span class=\\\"error-spellcheck\\\" data-word=\\\"pou\\u017e\\u00edv\\u00e1\\\" data-suggestion=\\\"\\\">pou\\u017e\\u00edv\\u00e1<\\\/span> <span class=\\\"error-spellcheck\\\" data-word=\\\"soubor\\u016f\\\" data-suggestion=\\\"soubor\\\">soubor\\u016f<\\\/span> \\u201ecookies\\u201c, kter\\u00e9 jsou textov\\u00fdmi soubory ukl\\u00e1dan\\u00fdmi do <span class=\\\"error-spellcheck\\\" data-word=\\\"va\\u0161eho\\\" data-suggestion=\\\"Jehova\\\">va\\u0161eho<\\\/span> <span class=\\\"error-spellcheck\\\" data-word=\\\"po\\u010d\\u00edta\\u010de\\\" data-suggestion=\\\"\\\">po\\u010d\\u00edta\\u010de<\\\/span> <span class=\\\"error-spellcheck\\\" data-word=\\\"umo\\u017e\\u0148uj\\u00edc\\u00ed\\\" data-suggestion=\\\"\\\">umo\\u017e\\u0148uj\\u00edc\\u00ed<\\\/span> anal\\u00fdzu <span class=\\\"error-spellcheck\\\" data-word=\\\"zp\\u016fsobu\\\" data-suggestion=\\\"zp\\u00f9sobu\\\">zp\\u016fsobu<\\\/span> <span class=\\\"error-spellcheck\\\" data-word=\\\"u\\u017e\\u00edv\\u00e1n\\u00ed\\\" data-suggestion=\\\"\\\">u\\u017e\\u00edv\\u00e1n\\u00ed<\\\/span> t\\u00e9to str\\u00e1nky jej\\u00edmi u\\u017eivateli. Ukl\\u00e1d\\u00e1n\\u00ed <span class=\\\"error-spellcheck\\\" data-word=\\\"soubor\\u016f\\\" data-suggestion=\\\"soubor\\\">soubor\\u016f<\\\/span> <span class=\\\"error-spellcheck\\\" data-word=\\\"cookie\\\" data-suggestion=\\\"cokoli\\\">cookie<\\\/span> <span class=\\\"error-spellcheck\\\" data-word=\\\"m\\u016f\\u017eete\\\" data-suggestion=\\\"\\\">m\\u016f\\u017eete<\\\/span> zak\\u00e1zat pomoc\\u00ed <span class=\\\"error-spellcheck\\\" data-word=\\\"p\\u0159\\u00edslu\\u0161n\\u00e9ho\\\" data-suggestion=\\\"\\\">p\\u0159\\u00edslu\\u0161n\\u00e9ho<\\\/span> nastaven\\u00ed ve <span class=\\\"error-spellcheck\\\" data-word=\\\"Va\\u0161em\\\" data-suggestion=\\\"Vanerem\\\">Va\\u0161em<\\\/span> <span class=\\\"error-spellcheck\\\" data-word=\\\"prohl\\u00ed\\u017ee\\u010di\\\" data-suggestion=\\\"prohl\\u00ed\\u00been\\u00ecji\\\">prohl\\u00ed\\u017ee\\u010di<\\\/span>; <span class=\\\"error-spellcheck\\\" data-word=\\\"upozor\\u0148ujeme\\\" data-suggestion=\\\"upozor\\u00f2ujeme\\\">upozor\\u0148ujeme<\\\/span> V\\u00e1s <span class=\\\"error-spellcheck\\\" data-word=\\\"v\\u0161ak\\\" data-suggestion=\\\"\\\">v\\u0161ak<\\\/span> na to, <span class=\\\"error-spellcheck\\\" data-word=\\\"\\u017ee\\\" data-suggestion=\\\"\\u00aee|L\\u00bee|M\\u00bee|\\u00da\\u00bee\\\">\\u017ee<\\\/span> v tomto <span class=\\\"error-spellcheck\\\" data-word=\\\"p\\u0159\\u00edpad\\u011b\\\" data-suggestion=\\\"\\\">p\\u0159\\u00edpad\\u011b<\\\/span> nebudete moci <span class=\\\"error-spellcheck\\\" data-word=\\\"vyu\\u017e\\u00edvat\\\" data-suggestion=\\\"vyu\\u00be\\u00edvat\\\">vyu\\u017e\\u00edvat<\\\/span> <span class=\\\"error-spellcheck\\\" data-word=\\\"v\\u0161echny\\\" data-suggestion=\\\"v\\u00b9echny\\\">v\\u0161echny<\\\/span> funkce t\\u00e9to internetov\\u00e9 str\\u00e1nky v cel\\u00e9m rozsahu.<br \\\/>D\\u00e1le <span class=\\\"error-spellcheck\\\" data-word=\\\"m\\u016f\\u017eete\\\" data-suggestion=\\\"\\\">m\\u016f\\u017eete<\\\/span> zamezit <span class=\\\"error-spellcheck\\\" data-word=\\\"shroma\\u017e\\u010fov\\u00e1n\\u00ed\\\" data-suggestion=\\\"nashroma\\u00be\\u00efovan\\u00fd\\\">shroma\\u017e\\u010fov\\u00e1n\\u00ed<\\\/span> dat na <span class=\\\"error-spellcheck\\\" data-word=\\\"Google\\\" data-suggestion=\\\"Gogle|Gogole|Vogle\\\">Google<\\\/span> <span class=\\\"error-spellcheck\\\" data-word=\\\"vytvo\\u0159en\\u00fdch\\\" data-suggestion=\\\"vytvo\\u00f8en\\u00edch\\\">vytvo\\u0159en\\u00fdch<\\\/span> pomoc\\u00ed <span class=\\\"error-spellcheck\\\" data-word=\\\"soubor\\u016f\\\" data-suggestion=\\\"soubor\\\">soubor\\u016f<\\\/span> <span class=\\\"error-spellcheck\\\" data-word=\\\"cookie\\\" data-suggestion=\\\"cokoli\\\">cookie<\\\/span> a vztahuj\\u00edc\\u00edch se na <span class=\\\"error-spellcheck\\\" data-word=\\\"vyu\\u017e\\u00edv\\u00e1n\\u00ed\\\" data-suggestion=\\\"\\\">vyu\\u017e\\u00edv\\u00e1n\\u00ed<\\\/span> t\\u00e9to internetov\\u00e9 <span class=\\\"error-spellcheck\\\" data-word=\\\"str\\u00e1nkya\\\" data-suggestion=\\\"str\\u00e1nka|str\\u00e1nky|str\\u00e1nkovat|str\\u00e1nky a\\\">str\\u00e1nky a<\\\/span> zpracov\\u00e1n\\u00ed <span class=\\\"error-spellcheck\\\" data-word=\\\"t\\u011bchto\\\" data-suggestion=\\\"t\\u00ecchto\\\">t\\u011bchto<\\\/span> dat <span class=\\\"error-spellcheck\\\" data-word=\\\"spole\\u010dnost\\u00ed\\\" data-suggestion=\\\"spole\\u00e8enstvo\\\">spole\\u010dnost\\u00ed<\\\/span> <span class=\\\"error-spellcheck\\\" data-word=\\\"Google\\\" data-suggestion=\\\"Gogle|Gogole|Vogle\\\">Google<\\\/span> tak, <span class=\\\"error-spellcheck\\\" data-word=\\\"\\u017ee\\\" data-suggestion=\\\"\\u00aee|L\\u00bee|M\\u00bee|\\u00da\\u00bee\\\">\\u017ee<\\\/span> si kliknut\\u00edm na n\\u00e1sleduj\\u00edc\\u00ed odkaz st\\u00e1hnete a nainstalujete modul <span class=\\\"error-spellcheck\\\" data-word=\\\"plugin\\\" data-suggestion=\\\"plu\\u00bein\\\">plugin<\\\/span>\\u00a0 <a href=\\\"https:\\\/\\\/tools.google.com\\\/dlpage\\\/gaoptout?hl=en\\\" target=\\\"_blank\\\" rel=\\\"noopener\\\">https:\\\/\\\/tools.google.com\\\/dlpage\\\/gaoptout?hl=en<\\\/a><\\\/p>\",\"margin\":\"default\"}}]}]}]},{\"type\":\"section\",\"props\":{\"image_position\":\"center-center\",\"style\":\"default\",\"title_breakpoint\":\"xl\",\"title_position\":\"top-left\",\"title_rotation\":\"left\",\"vertical_align\":\"middle\",\"width\":\"default\"},\"children\":[{\"type\":\"row\",\"children\":[{\"type\":\"column\",\"props\":{\"image_position\":\"center-center\",\"position_sticky_breakpoint\":\"m\"},\"children\":[{\"type\":\"totop\",\"props\":{\"margin\":\"default\",\"title_grid_column_gap\":\"small\",\"title_grid_row_gap\":\"small\"}}]}]}]}],\"version\":\"4.5.0\"} --><\/p>\n","protected":false},"excerpt":{"rendered":"<p>Z\u00c1KONN\u00c1 USTANOVEN\u00cd Z\u00e1kon \u010d. 523\/1992 Sb., \u010cesk\u00e9 n\u00e1rodn\u00ed rady o da\u0148ov\u00e9m poradenstv\u00ed a Komo\u0159e da\u0148ov\u00fdch poradc\u016f \u010cesk\u00e9 republiky. Tato internetov\u00e1 str\u00e1nka pou\u017e\u00edv\u00e1 slu\u017ebu Google Analytics, poskytovanou spole\u010dnost\u00ed Google, Inc. (d\u00e1le jen \u201eGoogle\u201c). Slu\u017eba Google Analytics pou\u017e\u00edv\u00e1 soubor\u016f \u201ecookies\u201c, kter\u00e9 jsou textov\u00fdmi soubory ukl\u00e1dan\u00fdmi do va\u0161eho po\u010d\u00edta\u010de umo\u017e\u0148uj\u00edc\u00ed anal\u00fdzu zp\u016fsobu u\u017e\u00edv\u00e1n\u00ed t\u00e9to str\u00e1nky jej\u00edmi u\u017eivateli. ODPOV\u011aDN\u00dd [&hellip;]<\/p>\n","protected":false},"author":1,"featured_media":0,"parent":0,"menu_order":0,"comment_status":"closed","ping_status":"closed","template":"","meta":{"footnotes":""},"class_list":["post-227","page","type-page","status-publish","hentry"],"_links":{"self":[{"href":"https:\/\/zrk-cz.com\/cs\/wp-json\/wp\/v2\/pages\/227","targetHints":{"allow":["GET"]}}],"collection":[{"href":"https:\/\/zrk-cz.com\/cs\/wp-json\/wp\/v2\/pages"}],"about":[{"href":"https:\/\/zrk-cz.com\/cs\/wp-json\/wp\/v2\/types\/page"}],"author":[{"embeddable":true,"href":"https:\/\/zrk-cz.com\/cs\/wp-json\/wp\/v2\/users\/1"}],"replies":[{"embeddable":true,"href":"https:\/\/zrk-cz.com\/cs\/wp-json\/wp\/v2\/comments?post=227"}],"version-history":[{"count":11,"href":"https:\/\/zrk-cz.com\/cs\/wp-json\/wp\/v2\/pages\/227\/revisions"}],"predecessor-version":[{"id":898,"href":"https:\/\/zrk-cz.com\/cs\/wp-json\/wp\/v2\/pages\/227\/revisions\/898"}],"wp:attachment":[{"href":"https:\/\/zrk-cz.com\/cs\/wp-json\/wp\/v2\/media?parent=227"}],"curies":[{"name":"wp","href":"https:\/\/api.w.org\/{rel}","templated":true}]}}