{"id":109,"date":"2024-09-10T09:43:13","date_gmt":"2024-09-10T09:43:13","guid":{"rendered":"http:\/\/zrk-cz.gramlich-it.de\/kontakt\/"},"modified":"2025-07-14T13:05:11","modified_gmt":"2025-07-14T13:05:11","slug":"kontakt","status":"publish","type":"page","link":"https:\/\/zrk-cz.com\/cs\/kontakt\/","title":{"rendered":"Kontakt"},"content":{"rendered":"<div>\n\n<div  uk-slideshow=\"animation: fade;ratio: 100:50;min-height: 100\">\n\n    <div class=\"uk-position-relative uk-visible-toggle\">\n\n        <ul class=\"uk-slideshow-items \" >\n        \n            <li>\n\n                \n                    \n                        <img decoding=\"async\" src=\"\/wp-content\/uploads\/2024\/09\/ZRK_Fotky-web-Praha_foto_Vojtech-Kaba_NOXmedia_cz-46-scaled.jpg\" alt=\"ZRK Fotky Web Praha Foto Vojt\u011bch K\u00e1ba NOXmedia Cz 46\" uk-cover>\n                    \n                    \n                    \n                \n            <\/li>\n\n                <\/ul>\n\n        \n                        <div class=\"uk-light\">\n            \n                <a href=\"#\" class=\"uk-position-center-left uk-position-small uk-hidden-hover\" uk-slidenav-previous uk-slideshow-item=\"previous\"><\/a>\n                <a href=\"#\" class=\"uk-position-center-right uk-position-small uk-hidden-hover\" uk-slidenav-next uk-slideshow-item=\"next\"><\/a>\n\n                        <\/div>\n            \n        \n                <div class=\"uk-overlay uk-position-bottom uk-light\">\n            \n<ul class=\"uk-dotnav uk-flex-center\" uk-margin>\n    <li uk-slideshow-item=\"0\"><a href=\"#\">ZRK Fotky Web Praha Foto Vojt\u011bch K\u00e1ba NOXmedia Cz 46<\/a><\/li>\n<\/ul>\n        <\/div>\n        \n    <\/div>\n\n    \n<\/div>\n<\/div>\n<h1>PRAHA<\/h1>\n<div>\n<p>V\u00e1clavsk\u00e9 n\u00e1m\u011bst\u00ed 795\/40, 110 00, Praha 1 &#8211; Nov\u00e9 M\u011bsto<\/p>\n<p>Tel: +420 224 247330<\/p>\n<\/div>\n<div>\n<p>        <img decoding=\"async\" src=\"\/wp-content\/uploads\/2024\/09\/prag.jpg\" alt=\"\"><\/p>\n<p><a href=\"\/Kontakt%20aufnehmen\"><\/a><\/p>\n<\/div>\n<p><a href=\"mailto:info@zrk-cz.com\">[mail]<\/a><\/p>\n<div>\n<p>50.0814369,14.4266241<\/p>\n<h3>Praha<\/h3>\n<div>\n<p>V\u00e1clavsk\u00e9 n\u00e1m\u011bst\u00ed 795\/40, 110 00, Praha 1 \u2013 Nov\u00e9 M\u011bsto<\/p>\n<p>Tel: +420 224 247330<\/p>\n<p><a href=\"mailto:info@zrk-cz.com\">info@zrk-cz.com<\/a><\/p>\n<\/div>\n<\/div>\n<h1>Brno<\/h1>\n<div>\n<p>Moravsk\u00e9 n\u00e1m\u011bst\u00ed 127\/3, 602 00, Brno-m\u011bsto<\/p>\n<p>Tel: +420 224 247330<\/p>\n<\/div>\n<div>\n<p>        <img decoding=\"async\" src=\"\/wp-content\/uploads\/2024\/09\/bruenn.jpg\" alt=\"\"><\/p>\n<p><a href=\"\/Kontakt%20aufnehmen\"><\/a><\/p>\n<\/div>\n<p><a href=\"mailto:info@zrk-cz.com\">[mail]<\/a><\/p>\n<div>\n<p>49.1973409,16.608146<\/p>\n<h3>Brno<\/h3>\n<div>\n<div class=\"el-content uk-panel uk-margin-top\">\n<p><span>Moravsk\u00e9 n\u00e1m\u011bst\u00ed 127\/3, 602 00, Brno-m\u011bsto <\/span><\/p>\n<p>Tel: +420 224 247330<\/p>\n<p><a href=\"mailto:info@zrk-cz.com\">info@zrk-cz.com<\/a><\/p>\n<\/div>\n<\/div>\n<\/div>\n<h1>Ostrava<\/h1>\n<div>\n<p><span style=\"caret-color: #000108; color: #000108; font-family: Montserrat; font-size: 15px;\">28. \u0159\u00edjna 3117\/61, 702 00, Ostrava \u2013 Moravsk\u00e1 Ostrava\u00a0<\/span><\/p>\n<p>Tel: +420 224 247330<\/p>\n<\/div>\n<div>\n<p>        <img decoding=\"async\" src=\"\/wp-content\/uploads\/2024\/09\/ostrava.jpg\" alt=\"\"><\/p>\n<p><a href=\"\/Kontakt%20aufnehmen\"><\/a><\/p>\n<\/div>\n<p><a href=\"mailto:info@zrk-cz.com\">[mail]<\/a><\/p>\n<div>\n<p>49.832826,18.28858357503129<\/p>\n<h3>Ostrava<\/h3>\n<div>\n<p><span>28.\u0159\u00edjna 3117\/61, 702 00, Ostrava \u2013 Moravsk\u00e1 Ostrava\u00a0<\/span><\/p>\n<p>Tel: +420 224 247330<\/p>\n<p><a href=\"mailto:info@zrk-cz.com\">info@zrk-cz.com<\/a><\/p>\n<\/div>\n<\/div>\n<h1>Bratislava<\/h1>\n<div>\n<p>Such\u00e9 m\u00fdto 1, 81103 Bratislava &#8211; Star\u00e9 Mesto<\/p>\n<p>Tel: +421 2 2085 0621<\/p>\n<\/div>\n<div>\n<p>        <img decoding=\"async\" src=\"\/wp-content\/uploads\/2024\/09\/bratislava.jpg\" alt=\"\"><\/p>\n<p><a href=\"\/Kontakt%20aufnehmen\"><\/a><\/p>\n<\/div>\n<p><a href=\"mailto:info@zrk-cz.com\">[mail]<\/a><\/p>\n<div>\n<p>48.147169,17.1072743<\/p>\n<h3>Bratislava<\/h3>\n<div>\n<p>Such\u00e9 m\u00fdto 1, 81103 Bratislava \u2013 Star\u00e9 Mesto<\/p>\n<p>Tel: +421 2 2085 0621<\/p>\n<p><a href=\"mailto:info@zrk-cz.com\">info@zrk-cz.com<\/a><\/p>\n<\/p>\n<\/div>\n<\/div>\n<h1>Napi\u0161te n\u00e1m<\/h1>\n<div>\n\n<div class=\"wpcf7 no-js\" id=\"wpcf7-f918-o1\" lang=\"cs-CZ\" dir=\"ltr\" data-wpcf7-id=\"918\">\n<div class=\"screen-reader-response\"><p role=\"status\" aria-live=\"polite\" aria-atomic=\"true\"><\/p> <ul><\/ul><\/div>\n<form action=\"\/cs\/wp-json\/wp\/v2\/pages\/109#wpcf7-f918-o1\" method=\"post\" class=\"wpcf7-form init\" aria-label=\"Kontaktn\u00ed formul\u00e1\u0159\" novalidate=\"novalidate\" data-status=\"init\">\n<fieldset class=\"hidden-fields-container\"><input type=\"hidden\" name=\"_wpcf7\" value=\"918\" \/><input type=\"hidden\" name=\"_wpcf7_version\" value=\"6.1.5\" \/><input type=\"hidden\" name=\"_wpcf7_locale\" value=\"cs_CZ\" \/><input type=\"hidden\" name=\"_wpcf7_unit_tag\" value=\"wpcf7-f918-o1\" \/><input type=\"hidden\" name=\"_wpcf7_container_post\" value=\"0\" \/><input type=\"hidden\" name=\"_wpcf7_posted_data_hash\" value=\"\" \/>\n<\/fieldset>\n<p><label> Va\u0161e jm\u00e9no<br \/>\n<span class=\"wpcf7-form-control-wrap\" data-name=\"your-name\"><input size=\"40\" maxlength=\"400\" class=\"wpcf7-form-control wpcf7-text wpcf7-validates-as-required\" aria-required=\"true\" aria-invalid=\"false\" value=\"\" type=\"text\" name=\"your-name\" \/><\/span> <\/label>\n<\/p>\n<p><label> Va\u0161e e-mailov\u00e1 adresa<br \/>\n<span class=\"wpcf7-form-control-wrap\" data-name=\"your-email\"><input size=\"40\" maxlength=\"400\" class=\"wpcf7-form-control wpcf7-email wpcf7-validates-as-required wpcf7-text wpcf7-validates-as-email\" aria-required=\"true\" aria-invalid=\"false\" value=\"\" type=\"email\" name=\"your-email\" \/><\/span> <\/label>\n<\/p>\n<p><label> Va\u0161e telefonn\u00ed \u010d\u00edslo<br \/>\n<span class=\"wpcf7-form-control-wrap\" data-name=\"tel\"><input size=\"40\" maxlength=\"400\" class=\"wpcf7-form-control wpcf7-text wpcf7-validates-as-required\" aria-required=\"true\" aria-invalid=\"false\" value=\"\" type=\"text\" name=\"tel\" \/><\/span> <\/label>\n<\/p>\n<p><label> P\u0159edm\u011bt<br \/>\n<span class=\"wpcf7-form-control-wrap\" data-name=\"your-subject\"><input size=\"40\" maxlength=\"400\" class=\"wpcf7-form-control wpcf7-text wpcf7-validates-as-required\" aria-required=\"true\" aria-invalid=\"false\" value=\"\" type=\"text\" name=\"your-subject\" \/><\/span> <\/label>\n<\/p>\n<p><label> Va\u0161e zpr\u00e1va (voliteln\u00e9)<br \/>\n<span class=\"wpcf7-form-control-wrap\" data-name=\"your-message\"><textarea cols=\"40\" rows=\"10\" maxlength=\"2000\" class=\"wpcf7-form-control wpcf7-textarea\" aria-invalid=\"false\" name=\"your-message\"><\/textarea><\/span> <\/label>\n<\/p>\n<p><span class=\"wpcf7-form-control-wrap\" data-name=\"checkbox-787\"><span class=\"wpcf7-form-control wpcf7-checkbox wpcf7-validates-as-required\"><span class=\"wpcf7-list-item first last\"><label><span class=\"wpcf7-list-item-label\">Souhlas\u00edm se zpracov\u00e1n\u00edm m\u00fdch \u00fadaj\u016f. (povinn\u00e9)<\/span><input type=\"checkbox\" name=\"checkbox-787[]\" value=\"Souhlas\u00edm se zpracov\u00e1n\u00edm m\u00fdch \u00fadaj\u016f. (povinn\u00e9)\" \/><\/label><\/span><\/span><\/span>\n<\/p>\n<p><input class=\"wpcf7-form-control wpcf7-submit has-spinner\" type=\"submit\" value=\"Poslat\" \/>\n<\/p><p style=\"display: none !important;\" class=\"akismet-fields-container\" data-prefix=\"_wpcf7_ak_\"><label>&#916;<textarea name=\"_wpcf7_ak_hp_textarea\" cols=\"45\" rows=\"8\" maxlength=\"100\"><\/textarea><\/label><input type=\"hidden\" id=\"ak_js_1\" name=\"_wpcf7_ak_js\" value=\"154\"\/><script>document.getElementById( \"ak_js_1\" ).setAttribute( \"value\", ( new Date() ).getTime() );<\/script><\/p><div class=\"wpcf7-response-output\" aria-hidden=\"true\"><\/div>\n<\/form>\n<\/div>\n\n<\/div>\n<p><!--more--><br \/>\n<!-- {\"type\":\"layout\",\"children\":[{\"type\":\"section\",\"props\":{\"image_position\":\"center-center\",\"style\":\"default\",\"title_breakpoint\":\"xl\",\"title_position\":\"top-left\",\"title_rotation\":\"left\",\"vertical_align\":\"middle\",\"width\":\"default\"},\"children\":[{\"type\":\"row\",\"children\":[{\"type\":\"column\",\"props\":{\"image_position\":\"center-center\",\"position_sticky_breakpoint\":\"m\"},\"children\":[{\"type\":\"html\",\"props\":{\"content\":\"[widgetkit id=\\\"13\\\"]\"}}]}]}]},{\"type\":\"section\",\"props\":{\"image_position\":\"center-center\",\"style\":\"default\",\"title_breakpoint\":\"xl\",\"title_position\":\"top-left\",\"title_rotation\":\"left\",\"vertical_align\":\"middle\",\"width\":\"default\"},\"children\":[{\"type\":\"row\",\"props\":{\"layout\":\"1-3,2-3\"},\"children\":[{\"type\":\"column\",\"props\":{\"image_position\":\"center-center\",\"position_sticky_breakpoint\":\"m\",\"width_medium\":\"1-3\"},\"children\":[{\"type\":\"headline\",\"props\":{\"content\":\"PRAHA\",\"title_element\":\"h1\"}},{\"type\":\"text\",\"props\":{\"column_breakpoint\":\"m\",\"content\":\"\n\n<p>V\\u00e1clavsk\\u00e9 n\\u00e1m\\u011bst\\u00ed 795\\\/40, 110 00, Praha 1 - Nov\\u00e9 M\\u011bsto<\\\/p>\\n\n\n<p>Tel: +420 224 247330<\\\/p>\",\"margin\":\"default\"}}]},{\"type\":\"column\",\"props\":{\"image_position\":\"center-center\",\"position_sticky_breakpoint\":\"m\",\"width_medium\":\"2-3\"},\"children\":[{\"name\":\"Overlay Tile Default Caption Hover\",\"type\":\"overlay\",\"props\":{\"content\":\"\",\"image\":\"wp-content\\\/uploads\\\/2024\\\/09\\\/prag.jpg\",\"image_width\":\"1600\",\"link\":\"Kontakt aufnehmen\",\"link_style\":\"default\",\"link_text\":\"\",\"margin\":\"\",\"meta\":\"\",\"meta_align\":\"below-title\",\"meta_element\":\"div\",\"meta_margin\":\"small\",\"meta_style\":\"text-meta\",\"overlay_hover\":true,\"overlay_margin\":\"medium\",\"overlay_mode\":\"caption\",\"overlay_position\":\"bottom\",\"overlay_style\":\"tile-default\",\"overlay_transition\":\"slide-bottom-small\",\"text_align\":\"center\",\"text_color\":\"\",\"title\":\"\",\"title_element\":\"h3\",\"title_font_family\":\"default\",\"title_hover_style\":\"reset\",\"title_style\":\"h3\",\"title_transition\":\"scale-up\"}},{\"type\":\"icon\",\"props\":{\"icon\":\"mail\",\"icon_width\":60,\"link\":\"mailto:info@zrk-cz.com\",\"margin\":\"default\"}}]}]}]},{\"type\":\"section\",\"props\":{\"image_position\":\"center-center\",\"style\":\"default\",\"title_breakpoint\":\"xl\",\"title_position\":\"top-left\",\"title_rotation\":\"left\",\"vertical_align\":\"middle\",\"width\":\"default\"},\"children\":[{\"type\":\"row\",\"children\":[{\"type\":\"column\",\"props\":{\"image_position\":\"center-center\",\"position_sticky_breakpoint\":\"m\"},\"children\":[{\"type\":\"map\",\"props\":{\"controls\":true,\"dragging\":false,\"image_svg_color\":\"emphasis\",\"link_style\":\"default\",\"link_text\":\"Read more\",\"margin\":\"default\",\"marker_icon\":\"wp-content\\\/uploads\\\/2024\\\/09\\\/Bildmarke-e1725975368234.png\",\"max_zoom\":18,\"meta_align\":\"below-title\",\"meta_element\":\"div\",\"meta_style\":\"text-meta\",\"min_zoom\":0,\"poi\":false,\"show_content\":true,\"show_image\":true,\"show_link\":true,\"show_meta\":true,\"show_title\":true,\"title_element\":\"h3\",\"title_hover_style\":\"reset\",\"type\":\"roadmap\",\"zoom\":10,\"zooming\":false},\"children\":[{\"type\":\"map_item\",\"props\":{\"content\":\"\n\n<p>V\\u00e1clavsk\\u00e9 n\\u00e1m\\u011bst\\u00ed 795\\\/40, 110 00, Praha 1 \\u2013 Nov\\u00e9 M\\u011bsto<\\\/p>\\n\n\n<p>Tel: +420 224 247330<\\\/p>\\n\n\n<p><a href=\\\"mailto:info@zrk-cz.com\\\">info@zrk-cz.com<\\\/a><\\\/p>\",\"hide\":false,\"location\":\"50.0814369,14.4266241\",\"show_popup\":true,\"title\":\"Praha\"}}]}]}]}]},{\"type\":\"section\",\"props\":{\"image_position\":\"center-center\",\"style\":\"default\",\"title_breakpoint\":\"xl\",\"title_position\":\"top-left\",\"title_rotation\":\"left\",\"vertical_align\":\"middle\",\"width\":\"default\"},\"children\":[{\"type\":\"row\",\"props\":{\"layout\":\"1-3,2-3\"},\"children\":[{\"type\":\"column\",\"props\":{\"image_position\":\"center-center\",\"position_sticky_breakpoint\":\"m\",\"width_medium\":\"1-3\"},\"children\":[{\"type\":\"headline\",\"props\":{\"content\":\"Brno\",\"title_element\":\"h1\"}},{\"type\":\"text\",\"props\":{\"column_breakpoint\":\"m\",\"content\":\"\n\n<p>Moravsk\\u00e9 n\\u00e1m\\u011bst\\u00ed 127\\\/3, 602 00, Brno-m\\u011bsto<\\\/p>\\n\n\n<p>Tel: +420 224 247330<\\\/p>\",\"margin\":\"default\"}}]},{\"type\":\"column\",\"props\":{\"image_position\":\"center-center\",\"position_sticky_breakpoint\":\"m\",\"width_medium\":\"2-3\"},\"children\":[{\"name\":\"Overlay Tile Default Caption Hover\",\"type\":\"overlay\",\"props\":{\"content\":\"\",\"image\":\"wp-content\\\/uploads\\\/2024\\\/09\\\/bruenn.jpg\",\"image_width\":\"1600\",\"link\":\"Kontakt aufnehmen\",\"link_style\":\"default\",\"link_text\":\"\",\"margin\":\"\",\"meta\":\"\",\"meta_align\":\"below-title\",\"meta_element\":\"div\",\"meta_margin\":\"small\",\"meta_style\":\"text-meta\",\"overlay_hover\":true,\"overlay_margin\":\"medium\",\"overlay_mode\":\"caption\",\"overlay_position\":\"bottom\",\"overlay_style\":\"tile-default\",\"overlay_transition\":\"slide-bottom-small\",\"text_align\":\"center\",\"text_color\":\"\",\"title\":\"\",\"title_element\":\"h3\",\"title_font_family\":\"default\",\"title_hover_style\":\"reset\",\"title_style\":\"h3\",\"title_transition\":\"scale-up\"}},{\"type\":\"icon\",\"props\":{\"icon\":\"mail\",\"icon_width\":60,\"link\":\"mailto:info@zrk-cz.com\",\"margin\":\"default\"}}]}]}]},{\"type\":\"section\",\"props\":{\"image_position\":\"center-center\",\"style\":\"default\",\"title_breakpoint\":\"xl\",\"title_position\":\"top-left\",\"title_rotation\":\"left\",\"vertical_align\":\"middle\",\"width\":\"default\"},\"children\":[{\"type\":\"row\",\"children\":[{\"type\":\"column\",\"props\":{\"image_position\":\"center-center\",\"position_sticky_breakpoint\":\"m\"},\"children\":[{\"type\":\"map\",\"props\":{\"controls\":true,\"dragging\":false,\"image_svg_color\":\"emphasis\",\"link_style\":\"default\",\"link_text\":\"Read more\",\"margin\":\"default\",\"marker_icon\":\"wp-content\\\/uploads\\\/2024\\\/09\\\/Bildmarke-e1725975368234.png\",\"max_zoom\":18,\"meta_align\":\"below-title\",\"meta_element\":\"div\",\"meta_style\":\"text-meta\",\"min_zoom\":0,\"poi\":false,\"show_content\":true,\"show_image\":true,\"show_link\":true,\"show_meta\":true,\"show_title\":true,\"title_element\":\"h3\",\"title_hover_style\":\"reset\",\"type\":\"roadmap\",\"zoom\":10,\"zooming\":false},\"children\":[{\"type\":\"map_item\",\"props\":{\"content\":\"\n\n<div class=\\\"el-content uk-panel uk-margin-top\\\">\\n\n\n<p><span>Moravsk\\u00e9 n\\u00e1m\\u011bst\\u00ed 127\\\/3, 602 00, Brno-m\\u011bsto <\\\/span><\\\/p>\\n\n\n<p>Tel: +420 224 247330<\\\/p>\\n\n\n<p><a href=\\\"mailto:info@zrk-cz.com\\\">info@zrk-cz.com<\\\/a><\\\/p>\\n<\\\/div>\",\"hide\":false,\"location\":\"49.1973409,16.608146\",\"show_popup\":true,\"title\":\"Brno\"}}]}]}]}]},{\"type\":\"section\",\"props\":{\"image_position\":\"center-center\",\"style\":\"default\",\"title_breakpoint\":\"xl\",\"title_position\":\"top-left\",\"title_rotation\":\"left\",\"vertical_align\":\"middle\",\"width\":\"default\"},\"children\":[{\"type\":\"row\",\"props\":{\"layout\":\"1-3,2-3\"},\"children\":[{\"type\":\"column\",\"props\":{\"image_position\":\"center-center\",\"position_sticky_breakpoint\":\"m\",\"width_medium\":\"1-3\"},\"children\":[{\"type\":\"headline\",\"props\":{\"content\":\"Ostrava\",\"title_element\":\"h1\"}},{\"type\":\"text\",\"props\":{\"column_breakpoint\":\"m\",\"content\":\"\n\n<p><span style=\\\"caret-color: #000108; color: #000108; font-family: Montserrat; font-size: 15px;\\\">28. \\u0159\\u00edjna 3117\\\/61, 702 00, Ostrava \\u2013 Moravsk\\u00e1 Ostrava\\u00a0<\\\/span><\\\/p>\\n\n\n<p>Tel: +420 224 247330<\\\/p>\",\"margin\":\"default\"}}]},{\"type\":\"column\",\"props\":{\"image_position\":\"center-center\",\"position_sticky_breakpoint\":\"m\",\"width_medium\":\"2-3\"},\"children\":[{\"name\":\"Overlay Tile Default Caption Hover\",\"type\":\"overlay\",\"props\":{\"content\":\"\",\"image\":\"wp-content\\\/uploads\\\/2024\\\/09\\\/ostrava.jpg\",\"image_width\":\"1600\",\"link\":\"Kontakt aufnehmen\",\"link_style\":\"default\",\"link_text\":\"\",\"margin\":\"\",\"meta\":\"\",\"meta_align\":\"below-title\",\"meta_element\":\"div\",\"meta_margin\":\"small\",\"meta_style\":\"text-meta\",\"overlay_hover\":true,\"overlay_margin\":\"medium\",\"overlay_mode\":\"caption\",\"overlay_position\":\"bottom\",\"overlay_style\":\"tile-default\",\"overlay_transition\":\"slide-bottom-small\",\"text_align\":\"center\",\"text_color\":\"\",\"title\":\"\",\"title_element\":\"h3\",\"title_font_family\":\"default\",\"title_hover_style\":\"reset\",\"title_style\":\"h3\",\"title_transition\":\"scale-up\"}},{\"type\":\"icon\",\"props\":{\"icon\":\"mail\",\"icon_width\":60,\"link\":\"mailto:info@zrk-cz.com\",\"margin\":\"default\"}}]}]}]},{\"type\":\"section\",\"props\":{\"image_position\":\"center-center\",\"style\":\"default\",\"title_breakpoint\":\"xl\",\"title_position\":\"top-left\",\"title_rotation\":\"left\",\"vertical_align\":\"middle\",\"width\":\"default\"},\"children\":[{\"type\":\"row\",\"children\":[{\"type\":\"column\",\"props\":{\"image_position\":\"center-center\",\"position_sticky_breakpoint\":\"m\"},\"children\":[{\"type\":\"map\",\"props\":{\"controls\":true,\"dragging\":false,\"image_svg_color\":\"emphasis\",\"link_style\":\"default\",\"link_text\":\"Read more\",\"margin\":\"default\",\"marker_icon\":\"wp-content\\\/uploads\\\/2024\\\/09\\\/Bildmarke-e1725975368234.png\",\"max_zoom\":18,\"meta_align\":\"below-title\",\"meta_element\":\"div\",\"meta_style\":\"text-meta\",\"min_zoom\":0,\"poi\":false,\"show_content\":true,\"show_image\":true,\"show_link\":true,\"show_meta\":true,\"show_title\":true,\"title_element\":\"h3\",\"title_hover_style\":\"reset\",\"type\":\"roadmap\",\"zoom\":10,\"zooming\":false},\"children\":[{\"type\":\"map_item\",\"props\":{\"content\":\"\n\n<p><span>28.\\u0159\\u00edjna 3117\\\/61, 702 00, Ostrava \\u2013 Moravsk\\u00e1 Ostrava\\u00a0<\\\/span><\\\/p>\\n\n\n<p>Tel: +420 224 247330<\\\/p>\\n\n\n<p><a href=\\\"mailto:info@zrk-cz.com\\\">info@zrk-cz.com<\\\/a><\\\/p>\",\"hide\":false,\"location\":\"49.832826,18.28858357503129\",\"show_popup\":true,\"title\":\"Ostrava\"}}]}]}]}]},{\"type\":\"section\",\"props\":{\"image_position\":\"center-center\",\"style\":\"default\",\"title_breakpoint\":\"xl\",\"title_position\":\"top-left\",\"title_rotation\":\"left\",\"vertical_align\":\"middle\",\"width\":\"default\"},\"children\":[{\"type\":\"row\",\"props\":{\"layout\":\"1-3,2-3\"},\"children\":[{\"type\":\"column\",\"props\":{\"image_position\":\"center-center\",\"position_sticky_breakpoint\":\"m\",\"width_medium\":\"1-3\"},\"children\":[{\"type\":\"headline\",\"props\":{\"content\":\"Bratislava\",\"title_element\":\"h1\"}},{\"type\":\"text\",\"props\":{\"column_breakpoint\":\"m\",\"content\":\"\n\n<p>Such\\u00e9 m\\u00fdto 1, 81103 Bratislava - Star\\u00e9 Mesto<\\\/p>\\n\n\n<p>Tel: +421 2 2085 0621<\\\/p>\",\"margin\":\"default\"}}]},{\"type\":\"column\",\"props\":{\"image_position\":\"center-center\",\"position_sticky_breakpoint\":\"m\",\"width_medium\":\"2-3\"},\"children\":[{\"name\":\"Overlay Tile Default Caption Hover\",\"type\":\"overlay\",\"props\":{\"content\":\"\",\"image\":\"wp-content\\\/uploads\\\/2024\\\/09\\\/bratislava.jpg\",\"image_width\":\"1600\",\"link\":\"Kontakt aufnehmen\",\"link_style\":\"default\",\"link_text\":\"\",\"margin\":\"\",\"meta\":\"\",\"meta_align\":\"below-title\",\"meta_element\":\"div\",\"meta_margin\":\"small\",\"meta_style\":\"text-meta\",\"overlay_hover\":true,\"overlay_margin\":\"medium\",\"overlay_mode\":\"caption\",\"overlay_position\":\"bottom\",\"overlay_style\":\"tile-default\",\"overlay_transition\":\"slide-bottom-small\",\"text_align\":\"center\",\"text_color\":\"\",\"title\":\"\",\"title_element\":\"h3\",\"title_font_family\":\"default\",\"title_hover_style\":\"reset\",\"title_style\":\"h3\",\"title_transition\":\"scale-up\"}},{\"type\":\"icon\",\"props\":{\"icon\":\"mail\",\"icon_width\":60,\"link\":\"mailto:info@zrk-cz.com\",\"margin\":\"default\"}}]}]}]},{\"type\":\"section\",\"props\":{\"image_position\":\"center-center\",\"style\":\"default\",\"title_breakpoint\":\"xl\",\"title_position\":\"top-left\",\"title_rotation\":\"left\",\"vertical_align\":\"middle\",\"width\":\"default\"},\"children\":[{\"type\":\"row\",\"children\":[{\"type\":\"column\",\"props\":{\"image_position\":\"center-center\",\"position_sticky_breakpoint\":\"m\"},\"children\":[{\"type\":\"map\",\"props\":{\"controls\":true,\"dragging\":false,\"image_svg_color\":\"emphasis\",\"link_style\":\"default\",\"link_text\":\"Read more\",\"margin\":\"default\",\"marker_icon\":\"wp-content\\\/uploads\\\/2024\\\/09\\\/Bildmarke-e1725975368234.png\",\"max_zoom\":18,\"meta_align\":\"below-title\",\"meta_element\":\"div\",\"meta_style\":\"text-meta\",\"min_zoom\":0,\"poi\":false,\"show_content\":true,\"show_image\":true,\"show_link\":true,\"show_meta\":true,\"show_title\":true,\"title_element\":\"h3\",\"title_hover_style\":\"reset\",\"type\":\"roadmap\",\"zoom\":10,\"zooming\":false},\"children\":[{\"type\":\"map_item\",\"props\":{\"content\":\"\n\n<p>Such\\u00e9 m\\u00fdto 1, 81103 Bratislava \\u2013 Star\\u00e9 Mesto<\\\/p>\\n\n\n<p>Tel: +421 2 2085 0621<\\\/p>\\n\n\n<p><a href=\\\"mailto:info@zrk-cz.com\\\">info@zrk-cz.com<\\\/a><\\\/p>\\n\n\n<p><\\\/p>\",\"hide\":false,\"location\":\"48.147169,17.1072743\",\"show_popup\":true,\"title\":\"Bratislava\"}}]}]}]}]},{\"type\":\"section\",\"props\":{\"image_position\":\"center-center\",\"style\":\"default\",\"title_breakpoint\":\"xl\",\"title_position\":\"top-left\",\"title_rotation\":\"left\",\"vertical_align\":\"middle\",\"width\":\"default\"},\"children\":[{\"type\":\"row\",\"children\":[{\"type\":\"column\",\"props\":{\"image_position\":\"center-center\",\"position_sticky_breakpoint\":\"m\"},\"children\":[{\"type\":\"headline\",\"props\":{\"content\":\"Napi\\u0161te n\\u00e1m\",\"title_element\":\"h1\"}},{\"type\":\"html\",\"props\":{\"content\":\"[contact-form-7 id=\\\"0399f21\\\" title=\\\"Kontakt_cz\\\"]\\n\"}}]}],\"props\":{\"attributes\":\"kontaktformular\",\"class\":\"kontaktformular\",\"id\":\"kontaktformular\"}}]},{\"type\":\"section\",\"props\":{\"image_position\":\"center-center\",\"style\":\"default\",\"title_breakpoint\":\"xl\",\"title_position\":\"top-left\",\"title_rotation\":\"left\",\"vertical_align\":\"middle\",\"width\":\"default\"},\"children\":[{\"type\":\"row\",\"children\":[{\"type\":\"column\",\"props\":{\"image_position\":\"center-center\",\"position_sticky_breakpoint\":\"m\"},\"children\":[{\"type\":\"totop\",\"props\":{\"margin\":\"default\",\"title_grid_column_gap\":\"small\",\"title_grid_row_gap\":\"small\"}}]}]}]}],\"version\":\"4.5.13\"} --><\/p>\n","protected":false},"excerpt":{"rendered":"<p>PRAHA V\u00e1clavsk\u00e9 n\u00e1m\u011bst\u00ed 795\/40, 110 00, Praha 1 &#8211; Nov\u00e9 M\u011bsto Tel: +420 224 247330 [mail] 50.0814369,14.4266241 Praha V\u00e1clavsk\u00e9 n\u00e1m\u011bst\u00ed 795\/40, 110 00, Praha 1 \u2013 Nov\u00e9 M\u011bsto Tel: +420 224 247330 info@zrk-cz.com Brno Moravsk\u00e9 n\u00e1m\u011bst\u00ed 127\/3, 602 00, Brno-m\u011bsto Tel: +420 224 247330 [mail] 49.1973409,16.608146 Brno Moravsk\u00e9 n\u00e1m\u011bst\u00ed 127\/3, 602 00, Brno-m\u011bsto Tel: +420 [&hellip;]<\/p>\n","protected":false},"author":1,"featured_media":0,"parent":0,"menu_order":0,"comment_status":"closed","ping_status":"closed","template":"","meta":{"footnotes":""},"class_list":["post-109","page","type-page","status-publish","hentry"],"_links":{"self":[{"href":"https:\/\/zrk-cz.com\/cs\/wp-json\/wp\/v2\/pages\/109","targetHints":{"allow":["GET"]}}],"collection":[{"href":"https:\/\/zrk-cz.com\/cs\/wp-json\/wp\/v2\/pages"}],"about":[{"href":"https:\/\/zrk-cz.com\/cs\/wp-json\/wp\/v2\/types\/page"}],"author":[{"embeddable":true,"href":"https:\/\/zrk-cz.com\/cs\/wp-json\/wp\/v2\/users\/1"}],"replies":[{"embeddable":true,"href":"https:\/\/zrk-cz.com\/cs\/wp-json\/wp\/v2\/comments?post=109"}],"version-history":[{"count":29,"href":"https:\/\/zrk-cz.com\/cs\/wp-json\/wp\/v2\/pages\/109\/revisions"}],"predecessor-version":[{"id":920,"href":"https:\/\/zrk-cz.com\/cs\/wp-json\/wp\/v2\/pages\/109\/revisions\/920"}],"wp:attachment":[{"href":"https:\/\/zrk-cz.com\/cs\/wp-json\/wp\/v2\/media?parent=109"}],"curies":[{"name":"wp","href":"https:\/\/api.w.org\/{rel}","templated":true}]}}